{"id":812,"date":"2020-02-26T09:02:55","date_gmt":"2020-02-26T09:02:55","guid":{"rendered":"https:\/\/factoriaconocimientoecuador.aupex.org\/web\/index.php\/password-reset\/"},"modified":"2020-02-26T09:02:55","modified_gmt":"2020-02-26T09:02:55","slug":"password-reset","status":"publish","type":"page","link":"https:\/\/factoriaconocimientoecuador.aupex.org\/web\/password-reset\/","title":{"rendered":"Restablecer la contrase\u00f1a"},"content":{"rendered":"<div class=\"um um-password um-um_password_id\">\n\t<div class=\"um-form\">\n\t\t<form method=\"post\" action=\"\">\n\t\t\t\n\t\t\t\t<input type=\"hidden\" name=\"_um_password_reset\" id=\"_um_password_reset\" value=\"1\" \/>\n\n\t\t\t\t\t\t\t\t\t<div class=\"um-field um-field-block um-field-type_block\">\n\t\t\t\t\t\t<div class=\"um-field-block\">\n\t\t\t\t\t\t\t<div style=\"text-align:center;\">\n\t\t\t\t\t\t\t\tPara restablecer tu contrase\u00f1a, por favor, introduce a continuaci\u00f3n tu direcci\u00f3n de correo electr\u00f3nico o nombre de usuario.\t\t\t\t\t\t\t<\/div>\n\t\t\t\t\t\t<\/div>\n\t\t\t\t\t<\/div>\n\t\t\t\t\t<div  id=\"um_field_0_username_b\" class=\"um-field um-field-text  um-field-username_b um-field-text um-field-type_text\" data-key=\"username_b\"><div class=\"um-field-area\"><input  autocomplete=\"off\" class=\"um-form-field valid \" type=\"text\" name=\"username_b\" id=\"username_b\" value=\"\" placeholder=\"Introduce tu nombre de usuario o correo electr\u00f3nico\" data-validate=\"\" data-key=\"username_b\"  aria-invalid=\"false\" \/>\n\n\t\t\t\t\t\t<\/div><\/div>\t\t\t\t<div class=\"um-col-alt um-col-alt-b\">\n\t\t\t\t\t<div class=\"um-center\">\n\t\t\t\t\t\t<input type=\"submit\" value=\"Restablecer contrase\u00f1a\" class=\"um-button\" id=\"um-submit-btn\" \/>\n\t\t\t\t\t<\/div>\n\t\t\t\t\t<div class=\"um-clear\"><\/div>\n\t\t\t\t<\/div>\n\t\t\t\t\t<input type=\"hidden\" name=\"form_id\" id=\"form_id_um_password_id\" value=\"um_password_id\" \/>\n\t\t<p class=\"um_request_name\">\n\t\t<label for=\"um_request_um_password_id\">Only fill in if you are not human<\/label>\n\t\t<input type=\"hidden\" name=\"um_request\" id=\"um_request_um_password_id\" class=\"input\" value=\"\" size=\"25\" autocomplete=\"off\" \/>\n\t<\/p>\n\t\t\t<\/form>\n\t<\/div>\n<\/div>\n<style>\n\t\t\t.um-um_password_id.um {\n\t\t\tmax-width: 450px;\n\t\t}\n\t\t<\/style>\n\n","protected":false},"excerpt":{"rendered":"","protected":false},"author":1,"featured_media":798,"parent":0,"menu_order":0,"comment_status":"closed","ping_status":"closed","template":"","meta":{"_et_pb_use_builder":"","_et_pb_old_content":"","_et_gb_content_width":"","_joinchat":[],"footnotes":""},"class_list":["post-812","page","type-page","status-publish","has-post-thumbnail","hentry"],"yoast_head":"<!-- This site is optimized with the Yoast SEO plugin v27.3 - https:\/\/yoast.com\/product\/yoast-seo-wordpress\/ -->\n<title>Restablecer la contrase\u00f1a - Factor\u00eda Conocimiento Ecuador<\/title>\n<meta name=\"robots\" content=\"index, follow, max-snippet:-1, max-image-preview:large, max-video-preview:-1\" \/>\n<link rel=\"canonical\" href=\"https:\/\/factoriaconocimientoecuador.aupex.org\/web\/password-reset\/\" \/>\n<meta property=\"og:locale\" content=\"es_ES\" \/>\n<meta property=\"og:type\" content=\"article\" \/>\n<meta property=\"og:title\" content=\"Restablecer la contrase\u00f1a - Factor\u00eda Conocimiento Ecuador\" \/>\n<meta property=\"og:url\" content=\"https:\/\/factoriaconocimientoecuador.aupex.org\/web\/password-reset\/\" \/>\n<meta property=\"og:site_name\" content=\"Factor\u00eda Conocimiento Ecuador\" \/>\n<meta property=\"og:image\" content=\"https:\/\/factoriaconocimientoecuador.aupex.org\/web\/wp-content\/uploads\/2020\/02\/logo-factorias-ecuador.jpg\" \/>\n\t<meta property=\"og:image:width\" content=\"800\" \/>\n\t<meta property=\"og:image:height\" content=\"327\" \/>\n\t<meta property=\"og:image:type\" content=\"image\/jpeg\" \/>\n<meta name=\"twitter:card\" content=\"summary_large_image\" \/>\n<script type=\"application\/ld+json\" class=\"yoast-schema-graph\">{\"@context\":\"https:\\\/\\\/schema.org\",\"@graph\":[{\"@type\":\"WebPage\",\"@id\":\"https:\\\/\\\/factoriaconocimientoecuador.aupex.org\\\/web\\\/password-reset\\\/\",\"url\":\"https:\\\/\\\/factoriaconocimientoecuador.aupex.org\\\/web\\\/password-reset\\\/\",\"name\":\"Restablecer la contrase\u00f1a - Factor\u00eda Conocimiento Ecuador\",\"isPartOf\":{\"@id\":\"https:\\\/\\\/factoriaconocimientoecuador.aupex.org\\\/web\\\/#website\"},\"primaryImageOfPage\":{\"@id\":\"https:\\\/\\\/factoriaconocimientoecuador.aupex.org\\\/web\\\/password-reset\\\/#primaryimage\"},\"image\":{\"@id\":\"https:\\\/\\\/factoriaconocimientoecuador.aupex.org\\\/web\\\/password-reset\\\/#primaryimage\"},\"thumbnailUrl\":\"https:\\\/\\\/factoriaconocimientoecuador.aupex.org\\\/web\\\/wp-content\\\/uploads\\\/2020\\\/02\\\/logo-factorias-ecuador.jpg\",\"datePublished\":\"2020-02-26T09:02:55+00:00\",\"breadcrumb\":{\"@id\":\"https:\\\/\\\/factoriaconocimientoecuador.aupex.org\\\/web\\\/password-reset\\\/#breadcrumb\"},\"inLanguage\":\"es\",\"potentialAction\":[{\"@type\":\"ReadAction\",\"target\":[\"https:\\\/\\\/factoriaconocimientoecuador.aupex.org\\\/web\\\/password-reset\\\/\"]}]},{\"@type\":\"ImageObject\",\"inLanguage\":\"es\",\"@id\":\"https:\\\/\\\/factoriaconocimientoecuador.aupex.org\\\/web\\\/password-reset\\\/#primaryimage\",\"url\":\"https:\\\/\\\/factoriaconocimientoecuador.aupex.org\\\/web\\\/wp-content\\\/uploads\\\/2020\\\/02\\\/logo-factorias-ecuador.jpg\",\"contentUrl\":\"https:\\\/\\\/factoriaconocimientoecuador.aupex.org\\\/web\\\/wp-content\\\/uploads\\\/2020\\\/02\\\/logo-factorias-ecuador.jpg\",\"width\":800,\"height\":327},{\"@type\":\"BreadcrumbList\",\"@id\":\"https:\\\/\\\/factoriaconocimientoecuador.aupex.org\\\/web\\\/password-reset\\\/#breadcrumb\",\"itemListElement\":[{\"@type\":\"ListItem\",\"position\":1,\"name\":\"Portada\",\"item\":\"https:\\\/\\\/factoriaconocimientoecuador.aupex.org\\\/web\\\/\"},{\"@type\":\"ListItem\",\"position\":2,\"name\":\"Restablecer la contrase\u00f1a\"}]},{\"@type\":\"WebSite\",\"@id\":\"https:\\\/\\\/factoriaconocimientoecuador.aupex.org\\\/web\\\/#website\",\"url\":\"https:\\\/\\\/factoriaconocimientoecuador.aupex.org\\\/web\\\/\",\"name\":\"Factor\u00eda Conocimiento Ecuador\",\"description\":\"Web del Proyecto &quot;Factor\u00edas del Conocimiento para Desarrollo Sostenible&quot; en la Mancomunidad del Choc\u00f3 Andino, Ecuador.\",\"publisher\":{\"@id\":\"https:\\\/\\\/factoriaconocimientoecuador.aupex.org\\\/web\\\/#organization\"},\"potentialAction\":[{\"@type\":\"SearchAction\",\"target\":{\"@type\":\"EntryPoint\",\"urlTemplate\":\"https:\\\/\\\/factoriaconocimientoecuador.aupex.org\\\/web\\\/?s={search_term_string}\"},\"query-input\":{\"@type\":\"PropertyValueSpecification\",\"valueRequired\":true,\"valueName\":\"search_term_string\"}}],\"inLanguage\":\"es\"},{\"@type\":\"Organization\",\"@id\":\"https:\\\/\\\/factoriaconocimientoecuador.aupex.org\\\/web\\\/#organization\",\"name\":\"AUPEX\",\"url\":\"https:\\\/\\\/factoriaconocimientoecuador.aupex.org\\\/web\\\/\",\"logo\":{\"@type\":\"ImageObject\",\"inLanguage\":\"es\",\"@id\":\"https:\\\/\\\/factoriaconocimientoecuador.aupex.org\\\/web\\\/#\\\/schema\\\/logo\\\/image\\\/\",\"url\":\"https:\\\/\\\/factoriaconocimientoecuador.aupex.org\\\/web\\\/wp-content\\\/uploads\\\/2020\\\/02\\\/logo-aupex.jpg\",\"contentUrl\":\"https:\\\/\\\/factoriaconocimientoecuador.aupex.org\\\/web\\\/wp-content\\\/uploads\\\/2020\\\/02\\\/logo-aupex.jpg\",\"width\":638,\"height\":200,\"caption\":\"AUPEX\"},\"image\":{\"@id\":\"https:\\\/\\\/factoriaconocimientoecuador.aupex.org\\\/web\\\/#\\\/schema\\\/logo\\\/image\\\/\"}}]}<\/script>\n<!-- \/ Yoast SEO plugin. -->","yoast_head_json":{"title":"Restablecer la contrase\u00f1a - Factor\u00eda Conocimiento Ecuador","robots":{"index":"index","follow":"follow","max-snippet":"max-snippet:-1","max-image-preview":"max-image-preview:large","max-video-preview":"max-video-preview:-1"},"canonical":"https:\/\/factoriaconocimientoecuador.aupex.org\/web\/password-reset\/","og_locale":"es_ES","og_type":"article","og_title":"Restablecer la contrase\u00f1a - Factor\u00eda Conocimiento Ecuador","og_url":"https:\/\/factoriaconocimientoecuador.aupex.org\/web\/password-reset\/","og_site_name":"Factor\u00eda Conocimiento Ecuador","og_image":[{"width":800,"height":327,"url":"https:\/\/factoriaconocimientoecuador.aupex.org\/web\/wp-content\/uploads\/2020\/02\/logo-factorias-ecuador.jpg","type":"image\/jpeg"}],"twitter_card":"summary_large_image","schema":{"@context":"https:\/\/schema.org","@graph":[{"@type":"WebPage","@id":"https:\/\/factoriaconocimientoecuador.aupex.org\/web\/password-reset\/","url":"https:\/\/factoriaconocimientoecuador.aupex.org\/web\/password-reset\/","name":"Restablecer la contrase\u00f1a - Factor\u00eda Conocimiento Ecuador","isPartOf":{"@id":"https:\/\/factoriaconocimientoecuador.aupex.org\/web\/#website"},"primaryImageOfPage":{"@id":"https:\/\/factoriaconocimientoecuador.aupex.org\/web\/password-reset\/#primaryimage"},"image":{"@id":"https:\/\/factoriaconocimientoecuador.aupex.org\/web\/password-reset\/#primaryimage"},"thumbnailUrl":"https:\/\/factoriaconocimientoecuador.aupex.org\/web\/wp-content\/uploads\/2020\/02\/logo-factorias-ecuador.jpg","datePublished":"2020-02-26T09:02:55+00:00","breadcrumb":{"@id":"https:\/\/factoriaconocimientoecuador.aupex.org\/web\/password-reset\/#breadcrumb"},"inLanguage":"es","potentialAction":[{"@type":"ReadAction","target":["https:\/\/factoriaconocimientoecuador.aupex.org\/web\/password-reset\/"]}]},{"@type":"ImageObject","inLanguage":"es","@id":"https:\/\/factoriaconocimientoecuador.aupex.org\/web\/password-reset\/#primaryimage","url":"https:\/\/factoriaconocimientoecuador.aupex.org\/web\/wp-content\/uploads\/2020\/02\/logo-factorias-ecuador.jpg","contentUrl":"https:\/\/factoriaconocimientoecuador.aupex.org\/web\/wp-content\/uploads\/2020\/02\/logo-factorias-ecuador.jpg","width":800,"height":327},{"@type":"BreadcrumbList","@id":"https:\/\/factoriaconocimientoecuador.aupex.org\/web\/password-reset\/#breadcrumb","itemListElement":[{"@type":"ListItem","position":1,"name":"Portada","item":"https:\/\/factoriaconocimientoecuador.aupex.org\/web\/"},{"@type":"ListItem","position":2,"name":"Restablecer la contrase\u00f1a"}]},{"@type":"WebSite","@id":"https:\/\/factoriaconocimientoecuador.aupex.org\/web\/#website","url":"https:\/\/factoriaconocimientoecuador.aupex.org\/web\/","name":"Factor\u00eda Conocimiento Ecuador","description":"Web del Proyecto &quot;Factor\u00edas del Conocimiento para Desarrollo Sostenible&quot; en la Mancomunidad del Choc\u00f3 Andino, Ecuador.","publisher":{"@id":"https:\/\/factoriaconocimientoecuador.aupex.org\/web\/#organization"},"potentialAction":[{"@type":"SearchAction","target":{"@type":"EntryPoint","urlTemplate":"https:\/\/factoriaconocimientoecuador.aupex.org\/web\/?s={search_term_string}"},"query-input":{"@type":"PropertyValueSpecification","valueRequired":true,"valueName":"search_term_string"}}],"inLanguage":"es"},{"@type":"Organization","@id":"https:\/\/factoriaconocimientoecuador.aupex.org\/web\/#organization","name":"AUPEX","url":"https:\/\/factoriaconocimientoecuador.aupex.org\/web\/","logo":{"@type":"ImageObject","inLanguage":"es","@id":"https:\/\/factoriaconocimientoecuador.aupex.org\/web\/#\/schema\/logo\/image\/","url":"https:\/\/factoriaconocimientoecuador.aupex.org\/web\/wp-content\/uploads\/2020\/02\/logo-aupex.jpg","contentUrl":"https:\/\/factoriaconocimientoecuador.aupex.org\/web\/wp-content\/uploads\/2020\/02\/logo-aupex.jpg","width":638,"height":200,"caption":"AUPEX"},"image":{"@id":"https:\/\/factoriaconocimientoecuador.aupex.org\/web\/#\/schema\/logo\/image\/"}}]}},"post_mailing_queue_ids":[],"_links":{"self":[{"href":"https:\/\/factoriaconocimientoecuador.aupex.org\/web\/wp-json\/wp\/v2\/pages\/812","targetHints":{"allow":["GET"]}}],"collection":[{"href":"https:\/\/factoriaconocimientoecuador.aupex.org\/web\/wp-json\/wp\/v2\/pages"}],"about":[{"href":"https:\/\/factoriaconocimientoecuador.aupex.org\/web\/wp-json\/wp\/v2\/types\/page"}],"author":[{"embeddable":true,"href":"https:\/\/factoriaconocimientoecuador.aupex.org\/web\/wp-json\/wp\/v2\/users\/1"}],"replies":[{"embeddable":true,"href":"https:\/\/factoriaconocimientoecuador.aupex.org\/web\/wp-json\/wp\/v2\/comments?post=812"}],"version-history":[{"count":0,"href":"https:\/\/factoriaconocimientoecuador.aupex.org\/web\/wp-json\/wp\/v2\/pages\/812\/revisions"}],"wp:featuredmedia":[{"embeddable":true,"href":"https:\/\/factoriaconocimientoecuador.aupex.org\/web\/wp-json\/wp\/v2\/media\/798"}],"wp:attachment":[{"href":"https:\/\/factoriaconocimientoecuador.aupex.org\/web\/wp-json\/wp\/v2\/media?parent=812"}],"curies":[{"name":"wp","href":"https:\/\/api.w.org\/{rel}","templated":true}]}}