{"id":807,"date":"2020-02-26T09:02:54","date_gmt":"2020-02-26T09:02:54","guid":{"rendered":"https:\/\/factoriaconocimientoecuador.aupex.org\/web\/index.php\/login\/"},"modified":"2020-03-02T06:42:06","modified_gmt":"2020-03-02T06:42:06","slug":"login","status":"publish","type":"page","link":"https:\/\/factoriaconocimientoecuador.aupex.org\/web\/login\/","title":{"rendered":"Iniciar sesi\u00f3n"},"content":{"rendered":"<p>[et_pb_section admin_label=&#8221;section&#8221;]<br \/>\n[et_pb_row admin_label=&#8221;row&#8221;]<br \/>\n[et_pb_column type=&#8221;4_4&#8243;][et_pb_text admin_label=&#8221;Text&#8221;]\n<div class=\"um um-login um-803\">\n\t<div class=\"um-form\">\n\t\t<form method=\"post\" action=\"\" autocomplete=\"off\">\n\t\t\t<div class=\"um-row _um_row_1 \" style=\"margin: 0 0 30px 0;\"><div class=\"um-col-1\"><div  id=\"um_field_803_username\" class=\"um-field um-field-text  um-field-username um-field-text um-field-type_text\" data-key=\"username\"><div class=\"um-field-label\"><label for=\"username-803\">Nombre de usuario o correo electr\u00f3nico:<span class=\"um-req\" title=\"Obligatorio\">*<\/span><\/label><div class=\"um-clear\"><\/div><\/div><div class=\"um-field-area\"><input  autocomplete=\"off\" class=\"um-form-field valid \" type=\"text\" name=\"username-803\" id=\"username-803\" value=\"\" placeholder=\"\" data-validate=\"unique_username_or_email\" data-key=\"username\"  aria-invalid=\"false\" \/>\n\n\t\t\t\t\t\t<\/div><\/div><div  id=\"um_field_803_user_password\" class=\"um-field um-field-password  um-field-user_password um-field-password um-field-type_password\" data-key=\"user_password\"><div class=\"um-field-label\"><label for=\"user_password-803\">Contrase\u00f1a<span class=\"um-req\" title=\"Obligatorio\">*<\/span><\/label><div class=\"um-clear\"><\/div><\/div><div class=\"um-field-area\"><input class=\"um-form-field valid \" type=\"password\" name=\"user_password-803\" id=\"user_password-803\" value=\"\" placeholder=\"\" data-validate=\"\" data-key=\"user_password\"  aria-invalid=\"false\" \/>\n\n\t\t\t\t\t\t\t<\/div><\/div><\/div><\/div>\t<input type=\"hidden\" name=\"form_id\" id=\"form_id_803\" value=\"803\" \/>\n\t\t<p class=\"um_request_name\">\n\t\t<label for=\"um_request_803\">Only fill in if you are not human<\/label>\n\t\t<input type=\"hidden\" name=\"um_request\" id=\"um_request_803\" class=\"input\" value=\"\" size=\"25\" autocomplete=\"off\" \/>\n\t<\/p>\n\t<input type=\"hidden\" id=\"_wpnonce\" name=\"_wpnonce\" value=\"4c69422cfb\" \/><input type=\"hidden\" name=\"_wp_http_referer\" value=\"\/web\/wp-json\/wp\/v2\/pages\/807\" \/>\n\t<div class=\"um-col-alt\">\n\n\t\t\n\n\t\t\t<div class=\"um-field um-field-c\">\n\t\t\t\t<div class=\"um-field-area\">\n\t\t\t\t\t<label class=\"um-field-checkbox\">\n\t\t\t\t\t\t<input type=\"checkbox\" name=\"rememberme\" value=\"1\"  \/>\n\t\t\t\t\t\t<span class=\"um-field-checkbox-state\"><i class=\"um-icon-android-checkbox-outline-blank\"><\/i><\/span>\n\t\t\t\t\t\t<span class=\"um-field-checkbox-option\"> Mantenerme conectado<\/span>\n\t\t\t\t\t<\/label>\n\t\t\t\t<\/div>\n\t\t\t<\/div>\n\n\t\t\t\t\t\t<div class=\"um-clear\"><\/div>\n\t\t\n\t\t\t<div class=\"um-center\">\n\t\t\t\t<input type=\"submit\" value=\"Iniciar sesi\u00f3n\" class=\"um-button\" id=\"um-submit-btn\" \/>\n\t\t\t<\/div>\n\n\t\t\n\t\t<div class=\"um-clear\"><\/div>\n\n\t<\/div>\n\n\t\n\t<div class=\"um-col-alt-b\">\n\t\t<a href=\"https:\/\/factoriaconocimientoecuador.aupex.org\/web\/password-reset\/\" class=\"um-link-alt\">\n\t\t\t\u00bfHas olvidado tu contrase\u00f1a?\t\t<\/a>\n\t<\/div>\n\n\t\t\t<\/form>\n\t<\/div>\n<\/div>\n<style>\n\t\t\t.um-803.um {\n\t\t\tmax-width: 450px;\n\t\t}\n\t\t<\/style>\n[\/et_pb_text][\/et_pb_column]<br \/>\n[\/et_pb_row]<br \/>\n[\/et_pb_section]<\/p>\n","protected":false},"excerpt":{"rendered":"\n<div class=\"um um-login um-803\">\n\t<div class=\"um-form\">\n\t\t<form method=\"post\" action=\"\" autocomplete=\"off\">\n\t\t\t<div class=\"um-row _um_row_1 \" style=\"margin: 0 0 30px 0;\"><div class=\"um-col-1\"><div  id=\"um_field_803_username\" class=\"um-field um-field-text  um-field-username um-field-text um-field-type_text\" data-key=\"username\"><div class=\"um-field-label\"><label for=\"username-803\">Nombre de usuario o correo electr\u00f3nico:<span class=\"um-req\" title=\"Obligatorio\">*<\/span><\/label><div class=\"um-clear\"><\/div><\/div><div class=\"um-field-area\"><input  autocomplete=\"off\" class=\"um-form-field valid \" type=\"text\" name=\"username-803\" id=\"username-803\" value=\"\" placeholder=\"\" data-validate=\"unique_username_or_email\" data-key=\"username\"  aria-invalid=\"false\" \/>\n\n\t\t\t\t\t\t<\/div><\/div><div  id=\"um_field_803_user_password\" class=\"um-field um-field-password  um-field-user_password um-field-password um-field-type_password\" data-key=\"user_password\"><div class=\"um-field-label\"><label for=\"user_password-803\">Contrase\u00f1a<span class=\"um-req\" title=\"Obligatorio\">*<\/span><\/label><div class=\"um-clear\"><\/div><\/div><div class=\"um-field-area\"><input class=\"um-form-field valid \" type=\"password\" name=\"user_password-803\" id=\"user_password-803\" value=\"\" placeholder=\"\" data-validate=\"\" data-key=\"user_password\"  aria-invalid=\"false\" \/>\n\n\t\t\t\t\t\t\t<\/div><\/div><\/div><\/div>\t<input type=\"hidden\" name=\"form_id\" id=\"form_id_803\" value=\"803\" \/>\n\t\t<p class=\"um_request_name\">\n\t\t<label for=\"um_request_803\">Only fill in if you are not human<\/label>\n\t\t<input type=\"hidden\" name=\"um_request\" id=\"um_request_803\" class=\"input\" value=\"\" size=\"25\" autocomplete=\"off\" \/>\n\t<\/p>\n\t<input type=\"hidden\" id=\"_wpnonce\" name=\"_wpnonce\" value=\"4c69422cfb\" \/><input type=\"hidden\" name=\"_wp_http_referer\" value=\"\/web\/wp-json\/wp\/v2\/pages\/807\" \/>\n\t<div class=\"um-col-alt\">\n\n\t\t\n\n\t\t\t<div class=\"um-field um-field-c\">\n\t\t\t\t<div class=\"um-field-area\">\n\t\t\t\t\t<label class=\"um-field-checkbox\">\n\t\t\t\t\t\t<input type=\"checkbox\" name=\"rememberme\" value=\"1\"  \/>\n\t\t\t\t\t\t<span class=\"um-field-checkbox-state\"><i class=\"um-icon-android-checkbox-outline-blank\"><\/i><\/span>\n\t\t\t\t\t\t<span class=\"um-field-checkbox-option\"> Mantenerme conectado<\/span>\n\t\t\t\t\t<\/label>\n\t\t\t\t<\/div>\n\t\t\t<\/div>\n\n\t\t\t\t\t\t<div class=\"um-clear\"><\/div>\n\t\t\n\t\t\t<div class=\"um-center\">\n\t\t\t\t<input type=\"submit\" value=\"Iniciar sesi\u00f3n\" class=\"um-button\" id=\"um-submit-btn\" \/>\n\t\t\t<\/div>\n\n\t\t\n\t\t<div class=\"um-clear\"><\/div>\n\n\t<\/div>\n\n\t\n\t<div class=\"um-col-alt-b\">\n\t\t<a href=\"https:\/\/factoriaconocimientoecuador.aupex.org\/web\/password-reset\/\" class=\"um-link-alt\">\n\t\t\t\u00bfHas olvidado tu contrase\u00f1a?\t\t<\/a>\n\t<\/div>\n\n\t\t\t<\/form>\n\t<\/div>\n<\/div>\n\n","protected":false},"author":1,"featured_media":798,"parent":0,"menu_order":0,"comment_status":"closed","ping_status":"closed","template":"","meta":{"_et_pb_use_builder":"on","_et_pb_old_content":"[ultimatemember form_id=\"803\"]","_et_gb_content_width":"","_joinchat":[],"footnotes":""},"class_list":["post-807","page","type-page","status-publish","has-post-thumbnail","hentry"],"yoast_head":"<!-- This site is optimized with the Yoast SEO plugin v27.6 - https:\/\/yoast.com\/product\/yoast-seo-wordpress\/ -->\n<title>Iniciar sesi\u00f3n - Factor\u00eda Conocimiento Ecuador<\/title>\n<meta name=\"robots\" content=\"index, follow, max-snippet:-1, max-image-preview:large, max-video-preview:-1\" \/>\n<link rel=\"canonical\" href=\"https:\/\/factoriaconocimientoecuador.aupex.org\/web\/login\/\" \/>\n<meta property=\"og:locale\" content=\"es_ES\" \/>\n<meta property=\"og:type\" content=\"article\" \/>\n<meta property=\"og:title\" content=\"Iniciar sesi\u00f3n - Factor\u00eda Conocimiento Ecuador\" \/>\n<meta property=\"og:url\" content=\"https:\/\/factoriaconocimientoecuador.aupex.org\/web\/login\/\" \/>\n<meta property=\"og:site_name\" content=\"Factor\u00eda Conocimiento Ecuador\" \/>\n<meta property=\"article:modified_time\" content=\"2020-03-02T06:42:06+00:00\" \/>\n<meta property=\"og:image\" content=\"https:\/\/factoriaconocimientoecuador.aupex.org\/web\/wp-content\/uploads\/2020\/02\/logo-factorias-ecuador.jpg\" \/>\n\t<meta property=\"og:image:width\" content=\"800\" \/>\n\t<meta property=\"og:image:height\" content=\"327\" \/>\n\t<meta property=\"og:image:type\" content=\"image\/jpeg\" \/>\n<meta name=\"twitter:card\" content=\"summary_large_image\" \/>\n<meta name=\"twitter:description\" content=\"[ultimatemember form_id=&quot;803&quot;]\" \/>\n<script type=\"application\/ld+json\" class=\"yoast-schema-graph\">{\"@context\":\"https:\\\/\\\/schema.org\",\"@graph\":[{\"@type\":\"WebPage\",\"@id\":\"https:\\\/\\\/factoriaconocimientoecuador.aupex.org\\\/web\\\/login\\\/\",\"url\":\"https:\\\/\\\/factoriaconocimientoecuador.aupex.org\\\/web\\\/login\\\/\",\"name\":\"Iniciar sesi\u00f3n - Factor\u00eda Conocimiento Ecuador\",\"isPartOf\":{\"@id\":\"https:\\\/\\\/factoriaconocimientoecuador.aupex.org\\\/web\\\/#website\"},\"primaryImageOfPage\":{\"@id\":\"https:\\\/\\\/factoriaconocimientoecuador.aupex.org\\\/web\\\/login\\\/#primaryimage\"},\"image\":{\"@id\":\"https:\\\/\\\/factoriaconocimientoecuador.aupex.org\\\/web\\\/login\\\/#primaryimage\"},\"thumbnailUrl\":\"https:\\\/\\\/factoriaconocimientoecuador.aupex.org\\\/web\\\/wp-content\\\/uploads\\\/2020\\\/02\\\/logo-factorias-ecuador.jpg\",\"datePublished\":\"2020-02-26T09:02:54+00:00\",\"dateModified\":\"2020-03-02T06:42:06+00:00\",\"breadcrumb\":{\"@id\":\"https:\\\/\\\/factoriaconocimientoecuador.aupex.org\\\/web\\\/login\\\/#breadcrumb\"},\"inLanguage\":\"es\",\"potentialAction\":[{\"@type\":\"ReadAction\",\"target\":[\"https:\\\/\\\/factoriaconocimientoecuador.aupex.org\\\/web\\\/login\\\/\"]}]},{\"@type\":\"ImageObject\",\"inLanguage\":\"es\",\"@id\":\"https:\\\/\\\/factoriaconocimientoecuador.aupex.org\\\/web\\\/login\\\/#primaryimage\",\"url\":\"https:\\\/\\\/factoriaconocimientoecuador.aupex.org\\\/web\\\/wp-content\\\/uploads\\\/2020\\\/02\\\/logo-factorias-ecuador.jpg\",\"contentUrl\":\"https:\\\/\\\/factoriaconocimientoecuador.aupex.org\\\/web\\\/wp-content\\\/uploads\\\/2020\\\/02\\\/logo-factorias-ecuador.jpg\",\"width\":800,\"height\":327},{\"@type\":\"BreadcrumbList\",\"@id\":\"https:\\\/\\\/factoriaconocimientoecuador.aupex.org\\\/web\\\/login\\\/#breadcrumb\",\"itemListElement\":[{\"@type\":\"ListItem\",\"position\":1,\"name\":\"Portada\",\"item\":\"https:\\\/\\\/factoriaconocimientoecuador.aupex.org\\\/web\\\/\"},{\"@type\":\"ListItem\",\"position\":2,\"name\":\"Iniciar sesi\u00f3n\"}]},{\"@type\":\"WebSite\",\"@id\":\"https:\\\/\\\/factoriaconocimientoecuador.aupex.org\\\/web\\\/#website\",\"url\":\"https:\\\/\\\/factoriaconocimientoecuador.aupex.org\\\/web\\\/\",\"name\":\"Factor\u00eda Conocimiento Ecuador\",\"description\":\"Web del Proyecto &quot;Factor\u00edas del Conocimiento para Desarrollo Sostenible&quot; en la Mancomunidad del Choc\u00f3 Andino, Ecuador.\",\"publisher\":{\"@id\":\"https:\\\/\\\/factoriaconocimientoecuador.aupex.org\\\/web\\\/#organization\"},\"potentialAction\":[{\"@type\":\"SearchAction\",\"target\":{\"@type\":\"EntryPoint\",\"urlTemplate\":\"https:\\\/\\\/factoriaconocimientoecuador.aupex.org\\\/web\\\/?s={search_term_string}\"},\"query-input\":{\"@type\":\"PropertyValueSpecification\",\"valueRequired\":true,\"valueName\":\"search_term_string\"}}],\"inLanguage\":\"es\"},{\"@type\":\"Organization\",\"@id\":\"https:\\\/\\\/factoriaconocimientoecuador.aupex.org\\\/web\\\/#organization\",\"name\":\"AUPEX\",\"url\":\"https:\\\/\\\/factoriaconocimientoecuador.aupex.org\\\/web\\\/\",\"logo\":{\"@type\":\"ImageObject\",\"inLanguage\":\"es\",\"@id\":\"https:\\\/\\\/factoriaconocimientoecuador.aupex.org\\\/web\\\/#\\\/schema\\\/logo\\\/image\\\/\",\"url\":\"https:\\\/\\\/factoriaconocimientoecuador.aupex.org\\\/web\\\/wp-content\\\/uploads\\\/2020\\\/02\\\/logo-aupex.jpg\",\"contentUrl\":\"https:\\\/\\\/factoriaconocimientoecuador.aupex.org\\\/web\\\/wp-content\\\/uploads\\\/2020\\\/02\\\/logo-aupex.jpg\",\"width\":638,\"height\":200,\"caption\":\"AUPEX\"},\"image\":{\"@id\":\"https:\\\/\\\/factoriaconocimientoecuador.aupex.org\\\/web\\\/#\\\/schema\\\/logo\\\/image\\\/\"}}]}<\/script>\n<!-- \/ Yoast SEO plugin. -->","yoast_head_json":{"title":"Iniciar sesi\u00f3n - Factor\u00eda Conocimiento Ecuador","robots":{"index":"index","follow":"follow","max-snippet":"max-snippet:-1","max-image-preview":"max-image-preview:large","max-video-preview":"max-video-preview:-1"},"canonical":"https:\/\/factoriaconocimientoecuador.aupex.org\/web\/login\/","og_locale":"es_ES","og_type":"article","og_title":"Iniciar sesi\u00f3n - Factor\u00eda Conocimiento Ecuador","og_url":"https:\/\/factoriaconocimientoecuador.aupex.org\/web\/login\/","og_site_name":"Factor\u00eda Conocimiento Ecuador","article_modified_time":"2020-03-02T06:42:06+00:00","og_image":[{"width":800,"height":327,"url":"https:\/\/factoriaconocimientoecuador.aupex.org\/web\/wp-content\/uploads\/2020\/02\/logo-factorias-ecuador.jpg","type":"image\/jpeg"}],"twitter_card":"summary_large_image","twitter_description":"[ultimatemember form_id=\"803\"]","schema":{"@context":"https:\/\/schema.org","@graph":[{"@type":"WebPage","@id":"https:\/\/factoriaconocimientoecuador.aupex.org\/web\/login\/","url":"https:\/\/factoriaconocimientoecuador.aupex.org\/web\/login\/","name":"Iniciar sesi\u00f3n - Factor\u00eda Conocimiento Ecuador","isPartOf":{"@id":"https:\/\/factoriaconocimientoecuador.aupex.org\/web\/#website"},"primaryImageOfPage":{"@id":"https:\/\/factoriaconocimientoecuador.aupex.org\/web\/login\/#primaryimage"},"image":{"@id":"https:\/\/factoriaconocimientoecuador.aupex.org\/web\/login\/#primaryimage"},"thumbnailUrl":"https:\/\/factoriaconocimientoecuador.aupex.org\/web\/wp-content\/uploads\/2020\/02\/logo-factorias-ecuador.jpg","datePublished":"2020-02-26T09:02:54+00:00","dateModified":"2020-03-02T06:42:06+00:00","breadcrumb":{"@id":"https:\/\/factoriaconocimientoecuador.aupex.org\/web\/login\/#breadcrumb"},"inLanguage":"es","potentialAction":[{"@type":"ReadAction","target":["https:\/\/factoriaconocimientoecuador.aupex.org\/web\/login\/"]}]},{"@type":"ImageObject","inLanguage":"es","@id":"https:\/\/factoriaconocimientoecuador.aupex.org\/web\/login\/#primaryimage","url":"https:\/\/factoriaconocimientoecuador.aupex.org\/web\/wp-content\/uploads\/2020\/02\/logo-factorias-ecuador.jpg","contentUrl":"https:\/\/factoriaconocimientoecuador.aupex.org\/web\/wp-content\/uploads\/2020\/02\/logo-factorias-ecuador.jpg","width":800,"height":327},{"@type":"BreadcrumbList","@id":"https:\/\/factoriaconocimientoecuador.aupex.org\/web\/login\/#breadcrumb","itemListElement":[{"@type":"ListItem","position":1,"name":"Portada","item":"https:\/\/factoriaconocimientoecuador.aupex.org\/web\/"},{"@type":"ListItem","position":2,"name":"Iniciar sesi\u00f3n"}]},{"@type":"WebSite","@id":"https:\/\/factoriaconocimientoecuador.aupex.org\/web\/#website","url":"https:\/\/factoriaconocimientoecuador.aupex.org\/web\/","name":"Factor\u00eda Conocimiento Ecuador","description":"Web del Proyecto &quot;Factor\u00edas del Conocimiento para Desarrollo Sostenible&quot; en la Mancomunidad del Choc\u00f3 Andino, Ecuador.","publisher":{"@id":"https:\/\/factoriaconocimientoecuador.aupex.org\/web\/#organization"},"potentialAction":[{"@type":"SearchAction","target":{"@type":"EntryPoint","urlTemplate":"https:\/\/factoriaconocimientoecuador.aupex.org\/web\/?s={search_term_string}"},"query-input":{"@type":"PropertyValueSpecification","valueRequired":true,"valueName":"search_term_string"}}],"inLanguage":"es"},{"@type":"Organization","@id":"https:\/\/factoriaconocimientoecuador.aupex.org\/web\/#organization","name":"AUPEX","url":"https:\/\/factoriaconocimientoecuador.aupex.org\/web\/","logo":{"@type":"ImageObject","inLanguage":"es","@id":"https:\/\/factoriaconocimientoecuador.aupex.org\/web\/#\/schema\/logo\/image\/","url":"https:\/\/factoriaconocimientoecuador.aupex.org\/web\/wp-content\/uploads\/2020\/02\/logo-aupex.jpg","contentUrl":"https:\/\/factoriaconocimientoecuador.aupex.org\/web\/wp-content\/uploads\/2020\/02\/logo-aupex.jpg","width":638,"height":200,"caption":"AUPEX"},"image":{"@id":"https:\/\/factoriaconocimientoecuador.aupex.org\/web\/#\/schema\/logo\/image\/"}}]}},"post_mailing_queue_ids":[],"_links":{"self":[{"href":"https:\/\/factoriaconocimientoecuador.aupex.org\/web\/wp-json\/wp\/v2\/pages\/807","targetHints":{"allow":["GET"]}}],"collection":[{"href":"https:\/\/factoriaconocimientoecuador.aupex.org\/web\/wp-json\/wp\/v2\/pages"}],"about":[{"href":"https:\/\/factoriaconocimientoecuador.aupex.org\/web\/wp-json\/wp\/v2\/types\/page"}],"author":[{"embeddable":true,"href":"https:\/\/factoriaconocimientoecuador.aupex.org\/web\/wp-json\/wp\/v2\/users\/1"}],"replies":[{"embeddable":true,"href":"https:\/\/factoriaconocimientoecuador.aupex.org\/web\/wp-json\/wp\/v2\/comments?post=807"}],"version-history":[{"count":3,"href":"https:\/\/factoriaconocimientoecuador.aupex.org\/web\/wp-json\/wp\/v2\/pages\/807\/revisions"}],"predecessor-version":[{"id":990,"href":"https:\/\/factoriaconocimientoecuador.aupex.org\/web\/wp-json\/wp\/v2\/pages\/807\/revisions\/990"}],"wp:featuredmedia":[{"embeddable":true,"href":"https:\/\/factoriaconocimientoecuador.aupex.org\/web\/wp-json\/wp\/v2\/media\/798"}],"wp:attachment":[{"href":"https:\/\/factoriaconocimientoecuador.aupex.org\/web\/wp-json\/wp\/v2\/media?parent=807"}],"curies":[{"name":"wp","href":"https:\/\/api.w.org\/{rel}","templated":true}]}}