{"id":721,"date":"2020-02-20T17:09:31","date_gmt":"2020-02-20T17:09:31","guid":{"rendered":"https:\/\/factoriaconocimientoecuador.aupex.org\/web\/?page_id=721"},"modified":"2020-02-20T17:54:07","modified_gmt":"2020-02-20T17:54:07","slug":"contacto","status":"publish","type":"page","link":"https:\/\/factoriaconocimientoecuador.aupex.org\/web\/contacto\/","title":{"rendered":"Contacto"},"content":{"rendered":"<p>[et_pb_section fb_built=&#8221;1&#8243; custom_padding_last_edited=&#8221;on|phone&#8221; module_class=&#8221;pa-overlay&#8221; _builder_version=&#8221;3.29.3&#8243; background_color=&#8221;#405cc0&#8243; background_image=&#8221;https:\/\/factoriaconocimientoecuador.aupex.org\/web\/wp-content\/uploads\/2020\/02\/phone-612061_960_720.png&#8221; parallax=&#8221;on&#8221; custom_padding=&#8221;202px||202px||true|false&#8221; custom_padding_tablet=&#8221;||150px&#8221; custom_padding_phone=&#8221;||100px|&#8221; fb_built=&#8221;1&#8243; _i=&#8221;0&#8243; _address=&#8221;0&#8243;][et_pb_row _builder_version=&#8221;3.25.2&#8243; _i=&#8221;0&#8243; _address=&#8221;0.0&#8243;][et_pb_column type=&#8221;4_4&#8243; _builder_version=&#8221;3.25.2&#8243; _i=&#8221;0&#8243; _address=&#8221;0.0.0&#8243;][et_pb_text module_class=&#8221;pa-heading-line-centered-1&#8243; _builder_version=&#8221;3.29.3&#8243; text_font=&#8221;|300|||||||&#8221; text_font_size=&#8221;18px&#8221; text_line_height=&#8221;1.8em&#8221; header_font=&#8221;Roboto|700|||||||&#8221; header_font_size=&#8221;48px&#8221; header_line_height=&#8221;1.3em&#8221; text_orientation=&#8221;center&#8221; background_layout=&#8221;dark&#8221; custom_margin=&#8221;||0px&#8221; text_font_size_tablet=&#8221;17px&#8221; text_font_size_phone=&#8221;16px&#8221; text_font_size_last_edited=&#8221;on|phone&#8221; header_font_size_tablet=&#8221;36px&#8221; header_font_size_phone=&#8221;30px&#8221; header_font_size_last_edited=&#8221;on|phone&#8221; _i=&#8221;0&#8243; _address=&#8221;0.0.0.0&#8243;]<\/p>\n<h1>CONTACTO<\/h1>\n<p>[\/et_pb_text][\/et_pb_column][\/et_pb_row][\/et_pb_section][et_pb_section fb_built=&#8221;1&#8243; _builder_version=&#8221;3.29.3&#8243; fb_built=&#8221;1&#8243; _i=&#8221;1&#8243; _address=&#8221;1&#8243;][et_pb_row column_structure=&#8221;1_2,1_2&#8243; use_custom_gutter=&#8221;on&#8221; gutter_width=&#8221;2&#8243; _builder_version=&#8221;3.29.3&#8243; max_width=&#8221;1600px&#8221; _i=&#8221;0&#8243; _address=&#8221;1.0&#8243;][et_pb_column type=&#8221;1_2&#8243; _builder_version=&#8221;3.29.3&#8243; _i=&#8221;0&#8243; _address=&#8221;1.0.0&#8243;][et_pb_image src=&#8221;https:\/\/factoriaconocimientoecuador.aupex.org\/web\/wp-content\/uploads\/2020\/02\/Logo-Imaymana.jpg&#8221; align=&#8221;center&#8221; _builder_version=&#8221;3.29.3&#8243; transform_scale=&#8221;50%|50%&#8221; _i=&#8221;0&#8243; _address=&#8221;1.0.0.0&#8243;][\/et_pb_image][et_pb_blurb use_icon=&#8221;on&#8221; font_icon=&#8221;%%249%%&#8221; icon_color=&#8221;#188647&#8243; icon_placement=&#8221;left&#8221; _builder_version=&#8221;3.29.3&#8243; hover_enabled=&#8221;0&#8243; font_icon__hover_enabled=&#8221;off|desktop&#8221; _i=&#8221;1&#8243; _address=&#8221;1.0.0.1&#8243;]<strong>RESERVA PAMBILI\u00d1O<\/strong>.<br \/>\nSabino Zambrano N45-220 y Marcos Joffre, edificio Mar\u00eda Lorena, departamento 2. Quito. Distrito Metropolitano de Quito, Ecuador.[\/et_pb_blurb][et_pb_blurb use_icon=&#8221;on&#8221; font_icon=&#8221;%%153%%&#8221; icon_color=&#8221;#188647&#8243; icon_placement=&#8221;left&#8221; _builder_version=&#8221;3.29.3&#8243; font_icon__hover_enabled=&#8221;off|desktop&#8221; _i=&#8221;2&#8243; _address=&#8221;1.0.0.2&#8243;]<\/p>\n<p class=\"elementor-icon-box-description\"><a href=\"mailto:info@fundacionimaymana.org\" target=\"_blank\" rel=\"noopener noreferrer\">info@fundacionimaymana.org<\/a><\/p>\n<p>[\/et_pb_blurb][et_pb_blurb use_icon=&#8221;on&#8221; font_icon=&#8221;%%264%%&#8221; icon_color=&#8221;#188647&#8243; icon_placement=&#8221;left&#8221; _builder_version=&#8221;3.29.3&#8243; font_icon__hover_enabled=&#8221;off|desktop&#8221; _i=&#8221;3&#8243; _address=&#8221;1.0.0.3&#8243;]<\/p>\n<p class=\"elementor-icon-box-description\">+593 (0) 992428066 \/\/ +593 (0) 995311625<\/p>\n<p>[\/et_pb_blurb][et_pb_text _builder_version=&#8221;3.29.3&#8243; _i=&#8221;4&#8243; _address=&#8221;1.0.0.4&#8243;]<\/p>\n<p style=\"text-align: center;\">Redes sociales<\/p>\n<p>[\/et_pb_text][et_pb_social_media_follow _builder_version=&#8221;3.29.3&#8243; text_orientation=&#8221;center&#8221; _i=&#8221;5&#8243; _address=&#8221;1.0.0.5&#8243;][et_pb_social_media_follow_network social_network=&#8221;facebook&#8221; url=&#8221;https:\/\/www.facebook.com\/FundImaymana\/&#8221; _builder_version=&#8221;3.29.3&#8243; background_color=&#8221;#3b5998&#8243; custom_button=&#8221;on&#8221; button_text_size=&#8221;6px&#8221; border_radii=&#8221;on|50px|50px|50px|50px&#8221; follow_button=&#8221;off&#8221; url_new_window=&#8221;on&#8221; _i=&#8221;0&#8243; _address=&#8221;1.0.0.5.0&#8243;]facebook[\/et_pb_social_media_follow_network][et_pb_social_media_follow_network social_network=&#8221;youtube&#8221; url=&#8221;https:\/\/www.youtube.com\/channel\/UCn-HO0iOqkcZVFzVtsEo4yQ&#8221; _builder_version=&#8221;3.29.3&#8243; background_color=&#8221;#a82400&#8243; border_radii=&#8221;on|50px|50px|50px|50px&#8221; follow_button=&#8221;off&#8221; url_new_window=&#8221;on&#8221; _i=&#8221;1&#8243; _address=&#8221;1.0.0.5.1&#8243;]youtube[\/et_pb_social_media_follow_network][\/et_pb_social_media_follow][et_pb_map address=&#8221;Marcos Jofre, Quito 170104, Ecuador&#8221; address_lat=&#8221;-0.1560244&#8243; address_lng=&#8221;-78.4944796&#8243; _builder_version=&#8221;3.29.3&#8243; hover_enabled=&#8221;0&#8243; _i=&#8221;6&#8243; _address=&#8221;1.0.0.6&#8243; height=&#8221;500px&#8221;][et_pb_map_pin title=&#8221;Fundaci\u00f3n IMAYMANA&#8221; pin_address=&#8221;Marcos Jofre, Quito 170104, Ecuador&#8221; pin_address_lat=&#8221;-0.1559485&#8243; pin_address_lng=&#8221;-78.4924744&#8243; _builder_version=&#8221;3.29.3&#8243; hover_enabled=&#8221;0&#8243; _i=&#8221;0&#8243; _address=&#8221;1.0.0.6.0&#8243;]<\/p>\n<p><img decoding=\"async\" data-src=\"https:\/\/factoriaconocimientoecuador.aupex.org\/web\/wp-content\/uploads\/2020\/02\/sede-fundacion-imaymana-300x200.jpg\" width=\"300\" height=\"200\" alt=\"\" class=\"wp-image-734 alignnone size-medium lazyload\" data-srcset=\"https:\/\/factoriaconocimientoecuador.aupex.org\/web\/wp-content\/uploads\/2020\/02\/sede-fundacion-imaymana-300x200.jpg 300w, https:\/\/factoriaconocimientoecuador.aupex.org\/web\/wp-content\/uploads\/2020\/02\/sede-fundacion-imaymana.jpg 400w\" data-sizes=\"(max-width: 300px) 100vw, 300px\" src=\"data:image\/svg+xml;base64,PHN2ZyB3aWR0aD0iMSIgaGVpZ2h0PSIxIiB4bWxucz0iaHR0cDovL3d3dy53My5vcmcvMjAwMC9zdmciPjwvc3ZnPg==\" style=\"--smush-placeholder-width: 300px; --smush-placeholder-aspect-ratio: 300\/200;\" \/><\/p>\n<p>[\/et_pb_map_pin][et_pb_map_pin title=&#8221;Fundaci\u00f3n IMAYMANA&#8221; pin_address=&#8221;Zambrano, Quito 170104, Ecuador&#8221; pin_address_lat=&#8221;-0.1559485&#8243; pin_address_lng=&#8221;-78.4924744&#8243; _builder_version=&#8221;3.29.3&#8243; hover_enabled=&#8221;0&#8243; _i=&#8221;0&#8243; _address=&#8221;1.0.0.6.0&#8243;]<\/p>\n<p><img decoding=\"async\" data-src=\"https:\/\/factoriaconocimientoecuador.aupex.org\/web\/wp-content\/uploads\/2020\/02\/sede-fundacion-imaymana-300x200.jpg\" width=\"300\" height=\"200\" alt=\"\" class=\"wp-image-734 alignnone size-medium lazyload\" data-srcset=\"https:\/\/factoriaconocimientoecuador.aupex.org\/web\/wp-content\/uploads\/2020\/02\/sede-fundacion-imaymana-300x200.jpg 300w, https:\/\/factoriaconocimientoecuador.aupex.org\/web\/wp-content\/uploads\/2020\/02\/sede-fundacion-imaymana.jpg 400w\" data-sizes=\"(max-width: 300px) 100vw, 300px\" src=\"data:image\/svg+xml;base64,PHN2ZyB3aWR0aD0iMSIgaGVpZ2h0PSIxIiB4bWxucz0iaHR0cDovL3d3dy53My5vcmcvMjAwMC9zdmciPjwvc3ZnPg==\" style=\"--smush-placeholder-width: 300px; --smush-placeholder-aspect-ratio: 300\/200;\" \/><\/p>\n<p>[\/et_pb_map_pin][\/et_pb_map][\/et_pb_column][et_pb_column type=&#8221;1_2&#8243; _builder_version=&#8221;3.29.3&#8243; _i=&#8221;1&#8243; _address=&#8221;1.0.1&#8243;][et_pb_image src=&#8221;https:\/\/factoriaconocimientoecuador.aupex.org\/web\/wp-content\/uploads\/2020\/02\/logo-aupex.jpg&#8221; align=&#8221;center&#8221; _builder_version=&#8221;3.29.3&#8243; transform_scale=&#8221;50%|50%&#8221; custom_margin=&#8221;-3px|||||&#8221; _i=&#8221;0&#8243; _address=&#8221;1.0.1.0&#8243;][\/et_pb_image][et_pb_blurb use_icon=&#8221;on&#8221; font_icon=&#8221;%%249%%&#8221; icon_color=&#8221;#8c1413&#8243; icon_placement=&#8221;left&#8221; _builder_version=&#8221;3.29.3&#8243; font_icon__hover_enabled=&#8221;off|desktop&#8221; _i=&#8221;1&#8243; _address=&#8221;1.0.1.1&#8243;]<strong>CREOFONTE<\/strong><br \/>\nPlaza de los Toros s\/n<br \/>\n10190 Casar de C\u00e1ceres. C\u00e1ceres. Espa\u00f1a[\/et_pb_blurb][et_pb_blurb use_icon=&#8221;on&#8221; font_icon=&#8221;%%153%%&#8221; icon_color=&#8221;#8c1413&#8243; icon_placement=&#8221;left&#8221; _builder_version=&#8221;3.29.3&#8243; font_icon__hover_enabled=&#8221;off|desktop&#8221; _i=&#8221;2&#8243; _address=&#8221;1.0.1.2&#8243;]<\/p>\n<p><a href=\"mailto:aupex@aupex.org\" target=\"_blank\" rel=\"noopener noreferrer\">aupex@aupex.org<\/a>\u00a0<\/p>\n<p>[\/et_pb_blurb][et_pb_blurb use_icon=&#8221;on&#8221; font_icon=&#8221;%%264%%&#8221; icon_color=&#8221;#8c1413&#8243; icon_placement=&#8221;left&#8221; _builder_version=&#8221;3.29.3&#8243; font_icon__hover_enabled=&#8221;off|desktop&#8221; _i=&#8221;3&#8243; _address=&#8221;1.0.1.3&#8243;]<\/p>\n<p><span>655 57 59 91 <\/span><\/p>\n<p>[\/et_pb_blurb][et_pb_text _builder_version=&#8221;3.29.3&#8243; _i=&#8221;4&#8243; _address=&#8221;1.0.1.4&#8243;]<\/p>\n<p style=\"text-align: center;\">Redes sociales<\/p>\n<p>[\/et_pb_text][et_pb_social_media_follow _builder_version=&#8221;3.29.3&#8243; text_orientation=&#8221;center&#8221; _i=&#8221;5&#8243; _address=&#8221;1.0.1.5&#8243;][et_pb_social_media_follow_network social_network=&#8221;facebook&#8221; url=&#8221;http:\/\/www.facebook.com\/home.php?#!\/pages\/AUPEX-Asociacion-Regional-de-Universidades-Populares-de-Extremadura\/365416467371&#8243; _builder_version=&#8221;3.29.3&#8243; background_color=&#8221;#3b5998&#8243; custom_button=&#8221;on&#8221; button_text_size=&#8221;6px&#8221; border_radii=&#8221;on|50px|50px|50px|50px&#8221; follow_button=&#8221;off&#8221; url_new_window=&#8221;on&#8221; _i=&#8221;0&#8243; _address=&#8221;1.0.1.5.0&#8243;]facebook[\/et_pb_social_media_follow_network][et_pb_social_media_follow_network social_network=&#8221;twitter&#8221; url=&#8221;http:\/\/twitter.com\/up_aupex&#8221; _builder_version=&#8221;3.29.3&#8243; background_color=&#8221;#00aced&#8221; border_radii=&#8221;on|50px|50px|50px|50px&#8221; follow_button=&#8221;off&#8221; url_new_window=&#8221;on&#8221; _i=&#8221;1&#8243; _address=&#8221;1.0.1.5.1&#8243;]twitter[\/et_pb_social_media_follow_network][et_pb_social_media_follow_network social_network=&#8221;youtube&#8221; url=&#8221;http:\/\/www.youtube.com\/user\/aupextelevision&#8221; _builder_version=&#8221;3.29.3&#8243; background_color=&#8221;#a82400&#8243; border_radii=&#8221;on|50px|50px|50px|50px&#8221; follow_button=&#8221;off&#8221; url_new_window=&#8221;on&#8221; _i=&#8221;2&#8243; _address=&#8221;1.0.1.5.2&#8243;]youtube[\/et_pb_social_media_follow_network][et_pb_social_media_follow_network social_network=&#8221;linkedin&#8221; url=&#8221;https:\/\/www.linkedin.com\/in\/aupex\/&#8221; _builder_version=&#8221;3.29.3&#8243; background_color=&#8221;#007bb6&#8243; border_radii=&#8221;on|50px|50px|50px|50px&#8221; follow_button=&#8221;off&#8221; url_new_window=&#8221;on&#8221; _i=&#8221;3&#8243; _address=&#8221;1.0.1.5.3&#8243;]linkedin[\/et_pb_social_media_follow_network][et_pb_social_media_follow_network social_network=&#8221;instagram&#8221; url=&#8221;https:\/\/www.instagram.com\/uupp.aupex\/&#8221; _builder_version=&#8221;3.29.3&#8243; background_color=&#8221;#ea2c59&#8243; border_radii=&#8221;on|50px|50px|50px|50px&#8221; follow_button=&#8221;off&#8221; url_new_window=&#8221;on&#8221; _i=&#8221;4&#8243; _address=&#8221;1.0.1.5.4&#8243;]instagram[\/et_pb_social_media_follow_network][\/et_pb_social_media_follow][et_pb_map address=&#8221;Plaza de los Toros, 10190 Casar de C\u00e1ceres, C\u00e1ceres, Espa\u00f1a&#8221; address_lat=&#8221;39.5587084&#8243; address_lng=&#8221;-6.4170537&#8243; _builder_version=&#8221;3.29.3&#8243; hover_enabled=&#8221;0&#8243; _i=&#8221;6&#8243; _address=&#8221;1.0.1.6&#8243; height=&#8221;500px&#8221;][et_pb_map_pin title=&#8221;AUPEX&#8221; pin_address=&#8221;Plaza de los Toros, 10190 Casar de C\u00e1ceres, C\u00e1ceres, Espa\u00f1a&#8221; pin_address_lat=&#8221;39.5607204&#8243; pin_address_lng=&#8221;-6.4195589&#8243; _builder_version=&#8221;3.29.3&#8243; hover_enabled=&#8221;0&#8243; _i=&#8221;0&#8243; _address=&#8221;1.0.1.6.0&#8243;]<\/p>\n<p><img decoding=\"async\" data-src=\"https:\/\/factoriaconocimientoecuador.aupex.org\/web\/wp-content\/uploads\/2020\/02\/creofonte-300x200.jpg\" width=\"300\" height=\"200\" alt=\"\" class=\"wp-image-725 alignnone size-medium lazyload\" data-srcset=\"https:\/\/factoriaconocimientoecuador.aupex.org\/web\/wp-content\/uploads\/2020\/02\/creofonte-300x200.jpg 300w, https:\/\/factoriaconocimientoecuador.aupex.org\/web\/wp-content\/uploads\/2020\/02\/creofonte.jpg 400w\" data-sizes=\"(max-width: 300px) 100vw, 300px\" src=\"data:image\/svg+xml;base64,PHN2ZyB3aWR0aD0iMSIgaGVpZ2h0PSIxIiB4bWxucz0iaHR0cDovL3d3dy53My5vcmcvMjAwMC9zdmciPjwvc3ZnPg==\" style=\"--smush-placeholder-width: 300px; --smush-placeholder-aspect-ratio: 300\/200;\" \/><\/p>\n<p>[\/et_pb_map_pin][\/et_pb_map][\/et_pb_column][\/et_pb_row][\/et_pb_section]<\/p>\n","protected":false},"excerpt":{"rendered":"<p>CONTACTORESERVA PAMBILI\u00d1O. Sabino Zambrano N45-220 y Marcos Joffre, edificio Mar\u00eda Lorena, departamento 2. Quito. Distrito Metropolitano de Quito, Ecuador.info@fundacionimaymana.org+593 (0) 992428066 \/\/ +593 (0) 995311625Redes sociales CREOFONTE Plaza de los Toros s\/n 10190 Casar de C\u00e1ceres. C\u00e1ceres. Espa\u00f1aaupex@aupex.org\u00a0655 57 59 91 Redes sociales<\/p>\n","protected":false},"author":1,"featured_media":798,"parent":0,"menu_order":0,"comment_status":"closed","ping_status":"closed","template":"","meta":{"_et_pb_use_builder":"on","_et_pb_old_content":"","_et_gb_content_width":"","_joinchat":[],"footnotes":""},"class_list":["post-721","page","type-page","status-publish","has-post-thumbnail","hentry"],"yoast_head":"<!-- This site is optimized with the Yoast SEO plugin v27.4 - https:\/\/yoast.com\/product\/yoast-seo-wordpress\/ -->\n<title>Contacto - Factor\u00eda Conocimiento Ecuador<\/title>\n<meta name=\"robots\" content=\"index, follow, max-snippet:-1, max-image-preview:large, max-video-preview:-1\" \/>\n<link rel=\"canonical\" href=\"https:\/\/factoriaconocimientoecuador.aupex.org\/web\/contacto\/\" \/>\n<meta property=\"og:locale\" content=\"es_ES\" \/>\n<meta property=\"og:type\" content=\"article\" \/>\n<meta property=\"og:title\" content=\"Contacto - Factor\u00eda Conocimiento Ecuador\" \/>\n<meta property=\"og:description\" content=\"CONTACTORESERVA PAMBILI\u00d1O. Sabino Zambrano N45-220 y Marcos Joffre, edificio Mar\u00eda Lorena, departamento 2. Quito. Distrito Metropolitano de Quito, Ecuador.info@fundacionimaymana.org+593 (0) 992428066 \/\/ +593 (0) 995311625Redes sociales CREOFONTE Plaza de los Toros s\/n 10190 Casar de C\u00e1ceres. C\u00e1ceres. Espa\u00f1aaupex@aupex.org\u00a0655 57 59 91 Redes sociales\" \/>\n<meta property=\"og:url\" content=\"https:\/\/factoriaconocimientoecuador.aupex.org\/web\/contacto\/\" \/>\n<meta property=\"og:site_name\" content=\"Factor\u00eda Conocimiento Ecuador\" \/>\n<meta property=\"article:modified_time\" content=\"2020-02-20T17:54:07+00:00\" \/>\n<meta property=\"og:image\" content=\"https:\/\/factoriaconocimientoecuador.aupex.org\/web\/wp-content\/uploads\/2020\/02\/logo-factorias-ecuador.jpg\" \/>\n\t<meta property=\"og:image:width\" content=\"800\" \/>\n\t<meta property=\"og:image:height\" content=\"327\" \/>\n\t<meta property=\"og:image:type\" content=\"image\/jpeg\" \/>\n<meta name=\"twitter:card\" content=\"summary_large_image\" \/>\n<meta name=\"twitter:label1\" content=\"Tiempo de lectura\" \/>\n\t<meta name=\"twitter:data1\" content=\"5 minutos\" \/>\n<script type=\"application\/ld+json\" class=\"yoast-schema-graph\">{\"@context\":\"https:\\\/\\\/schema.org\",\"@graph\":[{\"@type\":\"WebPage\",\"@id\":\"https:\\\/\\\/factoriaconocimientoecuador.aupex.org\\\/web\\\/contacto\\\/\",\"url\":\"https:\\\/\\\/factoriaconocimientoecuador.aupex.org\\\/web\\\/contacto\\\/\",\"name\":\"Contacto - Factor\u00eda Conocimiento Ecuador\",\"isPartOf\":{\"@id\":\"https:\\\/\\\/factoriaconocimientoecuador.aupex.org\\\/web\\\/#website\"},\"primaryImageOfPage\":{\"@id\":\"https:\\\/\\\/factoriaconocimientoecuador.aupex.org\\\/web\\\/contacto\\\/#primaryimage\"},\"image\":{\"@id\":\"https:\\\/\\\/factoriaconocimientoecuador.aupex.org\\\/web\\\/contacto\\\/#primaryimage\"},\"thumbnailUrl\":\"https:\\\/\\\/factoriaconocimientoecuador.aupex.org\\\/web\\\/wp-content\\\/uploads\\\/2020\\\/02\\\/logo-factorias-ecuador.jpg\",\"datePublished\":\"2020-02-20T17:09:31+00:00\",\"dateModified\":\"2020-02-20T17:54:07+00:00\",\"breadcrumb\":{\"@id\":\"https:\\\/\\\/factoriaconocimientoecuador.aupex.org\\\/web\\\/contacto\\\/#breadcrumb\"},\"inLanguage\":\"es\",\"potentialAction\":[{\"@type\":\"ReadAction\",\"target\":[\"https:\\\/\\\/factoriaconocimientoecuador.aupex.org\\\/web\\\/contacto\\\/\"]}]},{\"@type\":\"ImageObject\",\"inLanguage\":\"es\",\"@id\":\"https:\\\/\\\/factoriaconocimientoecuador.aupex.org\\\/web\\\/contacto\\\/#primaryimage\",\"url\":\"https:\\\/\\\/factoriaconocimientoecuador.aupex.org\\\/web\\\/wp-content\\\/uploads\\\/2020\\\/02\\\/logo-factorias-ecuador.jpg\",\"contentUrl\":\"https:\\\/\\\/factoriaconocimientoecuador.aupex.org\\\/web\\\/wp-content\\\/uploads\\\/2020\\\/02\\\/logo-factorias-ecuador.jpg\",\"width\":800,\"height\":327},{\"@type\":\"BreadcrumbList\",\"@id\":\"https:\\\/\\\/factoriaconocimientoecuador.aupex.org\\\/web\\\/contacto\\\/#breadcrumb\",\"itemListElement\":[{\"@type\":\"ListItem\",\"position\":1,\"name\":\"Portada\",\"item\":\"https:\\\/\\\/factoriaconocimientoecuador.aupex.org\\\/web\\\/\"},{\"@type\":\"ListItem\",\"position\":2,\"name\":\"Contacto\"}]},{\"@type\":\"WebSite\",\"@id\":\"https:\\\/\\\/factoriaconocimientoecuador.aupex.org\\\/web\\\/#website\",\"url\":\"https:\\\/\\\/factoriaconocimientoecuador.aupex.org\\\/web\\\/\",\"name\":\"Factor\u00eda Conocimiento Ecuador\",\"description\":\"Web del Proyecto &quot;Factor\u00edas del Conocimiento para Desarrollo Sostenible&quot; en la Mancomunidad del Choc\u00f3 Andino, Ecuador.\",\"publisher\":{\"@id\":\"https:\\\/\\\/factoriaconocimientoecuador.aupex.org\\\/web\\\/#organization\"},\"potentialAction\":[{\"@type\":\"SearchAction\",\"target\":{\"@type\":\"EntryPoint\",\"urlTemplate\":\"https:\\\/\\\/factoriaconocimientoecuador.aupex.org\\\/web\\\/?s={search_term_string}\"},\"query-input\":{\"@type\":\"PropertyValueSpecification\",\"valueRequired\":true,\"valueName\":\"search_term_string\"}}],\"inLanguage\":\"es\"},{\"@type\":\"Organization\",\"@id\":\"https:\\\/\\\/factoriaconocimientoecuador.aupex.org\\\/web\\\/#organization\",\"name\":\"AUPEX\",\"url\":\"https:\\\/\\\/factoriaconocimientoecuador.aupex.org\\\/web\\\/\",\"logo\":{\"@type\":\"ImageObject\",\"inLanguage\":\"es\",\"@id\":\"https:\\\/\\\/factoriaconocimientoecuador.aupex.org\\\/web\\\/#\\\/schema\\\/logo\\\/image\\\/\",\"url\":\"https:\\\/\\\/factoriaconocimientoecuador.aupex.org\\\/web\\\/wp-content\\\/uploads\\\/2020\\\/02\\\/logo-aupex.jpg\",\"contentUrl\":\"https:\\\/\\\/factoriaconocimientoecuador.aupex.org\\\/web\\\/wp-content\\\/uploads\\\/2020\\\/02\\\/logo-aupex.jpg\",\"width\":638,\"height\":200,\"caption\":\"AUPEX\"},\"image\":{\"@id\":\"https:\\\/\\\/factoriaconocimientoecuador.aupex.org\\\/web\\\/#\\\/schema\\\/logo\\\/image\\\/\"}}]}<\/script>\n<!-- \/ Yoast SEO plugin. -->","yoast_head_json":{"title":"Contacto - Factor\u00eda Conocimiento Ecuador","robots":{"index":"index","follow":"follow","max-snippet":"max-snippet:-1","max-image-preview":"max-image-preview:large","max-video-preview":"max-video-preview:-1"},"canonical":"https:\/\/factoriaconocimientoecuador.aupex.org\/web\/contacto\/","og_locale":"es_ES","og_type":"article","og_title":"Contacto - Factor\u00eda Conocimiento Ecuador","og_description":"CONTACTORESERVA PAMBILI\u00d1O. Sabino Zambrano N45-220 y Marcos Joffre, edificio Mar\u00eda Lorena, departamento 2. Quito. Distrito Metropolitano de Quito, Ecuador.info@fundacionimaymana.org+593 (0) 992428066 \/\/ +593 (0) 995311625Redes sociales CREOFONTE Plaza de los Toros s\/n 10190 Casar de C\u00e1ceres. C\u00e1ceres. Espa\u00f1aaupex@aupex.org\u00a0655 57 59 91 Redes sociales","og_url":"https:\/\/factoriaconocimientoecuador.aupex.org\/web\/contacto\/","og_site_name":"Factor\u00eda Conocimiento Ecuador","article_modified_time":"2020-02-20T17:54:07+00:00","og_image":[{"width":800,"height":327,"url":"https:\/\/factoriaconocimientoecuador.aupex.org\/web\/wp-content\/uploads\/2020\/02\/logo-factorias-ecuador.jpg","type":"image\/jpeg"}],"twitter_card":"summary_large_image","twitter_misc":{"Tiempo de lectura":"5 minutos"},"schema":{"@context":"https:\/\/schema.org","@graph":[{"@type":"WebPage","@id":"https:\/\/factoriaconocimientoecuador.aupex.org\/web\/contacto\/","url":"https:\/\/factoriaconocimientoecuador.aupex.org\/web\/contacto\/","name":"Contacto - Factor\u00eda Conocimiento Ecuador","isPartOf":{"@id":"https:\/\/factoriaconocimientoecuador.aupex.org\/web\/#website"},"primaryImageOfPage":{"@id":"https:\/\/factoriaconocimientoecuador.aupex.org\/web\/contacto\/#primaryimage"},"image":{"@id":"https:\/\/factoriaconocimientoecuador.aupex.org\/web\/contacto\/#primaryimage"},"thumbnailUrl":"https:\/\/factoriaconocimientoecuador.aupex.org\/web\/wp-content\/uploads\/2020\/02\/logo-factorias-ecuador.jpg","datePublished":"2020-02-20T17:09:31+00:00","dateModified":"2020-02-20T17:54:07+00:00","breadcrumb":{"@id":"https:\/\/factoriaconocimientoecuador.aupex.org\/web\/contacto\/#breadcrumb"},"inLanguage":"es","potentialAction":[{"@type":"ReadAction","target":["https:\/\/factoriaconocimientoecuador.aupex.org\/web\/contacto\/"]}]},{"@type":"ImageObject","inLanguage":"es","@id":"https:\/\/factoriaconocimientoecuador.aupex.org\/web\/contacto\/#primaryimage","url":"https:\/\/factoriaconocimientoecuador.aupex.org\/web\/wp-content\/uploads\/2020\/02\/logo-factorias-ecuador.jpg","contentUrl":"https:\/\/factoriaconocimientoecuador.aupex.org\/web\/wp-content\/uploads\/2020\/02\/logo-factorias-ecuador.jpg","width":800,"height":327},{"@type":"BreadcrumbList","@id":"https:\/\/factoriaconocimientoecuador.aupex.org\/web\/contacto\/#breadcrumb","itemListElement":[{"@type":"ListItem","position":1,"name":"Portada","item":"https:\/\/factoriaconocimientoecuador.aupex.org\/web\/"},{"@type":"ListItem","position":2,"name":"Contacto"}]},{"@type":"WebSite","@id":"https:\/\/factoriaconocimientoecuador.aupex.org\/web\/#website","url":"https:\/\/factoriaconocimientoecuador.aupex.org\/web\/","name":"Factor\u00eda Conocimiento Ecuador","description":"Web del Proyecto &quot;Factor\u00edas del Conocimiento para Desarrollo Sostenible&quot; en la Mancomunidad del Choc\u00f3 Andino, Ecuador.","publisher":{"@id":"https:\/\/factoriaconocimientoecuador.aupex.org\/web\/#organization"},"potentialAction":[{"@type":"SearchAction","target":{"@type":"EntryPoint","urlTemplate":"https:\/\/factoriaconocimientoecuador.aupex.org\/web\/?s={search_term_string}"},"query-input":{"@type":"PropertyValueSpecification","valueRequired":true,"valueName":"search_term_string"}}],"inLanguage":"es"},{"@type":"Organization","@id":"https:\/\/factoriaconocimientoecuador.aupex.org\/web\/#organization","name":"AUPEX","url":"https:\/\/factoriaconocimientoecuador.aupex.org\/web\/","logo":{"@type":"ImageObject","inLanguage":"es","@id":"https:\/\/factoriaconocimientoecuador.aupex.org\/web\/#\/schema\/logo\/image\/","url":"https:\/\/factoriaconocimientoecuador.aupex.org\/web\/wp-content\/uploads\/2020\/02\/logo-aupex.jpg","contentUrl":"https:\/\/factoriaconocimientoecuador.aupex.org\/web\/wp-content\/uploads\/2020\/02\/logo-aupex.jpg","width":638,"height":200,"caption":"AUPEX"},"image":{"@id":"https:\/\/factoriaconocimientoecuador.aupex.org\/web\/#\/schema\/logo\/image\/"}}]}},"post_mailing_queue_ids":[],"_links":{"self":[{"href":"https:\/\/factoriaconocimientoecuador.aupex.org\/web\/wp-json\/wp\/v2\/pages\/721","targetHints":{"allow":["GET"]}}],"collection":[{"href":"https:\/\/factoriaconocimientoecuador.aupex.org\/web\/wp-json\/wp\/v2\/pages"}],"about":[{"href":"https:\/\/factoriaconocimientoecuador.aupex.org\/web\/wp-json\/wp\/v2\/types\/page"}],"author":[{"embeddable":true,"href":"https:\/\/factoriaconocimientoecuador.aupex.org\/web\/wp-json\/wp\/v2\/users\/1"}],"replies":[{"embeddable":true,"href":"https:\/\/factoriaconocimientoecuador.aupex.org\/web\/wp-json\/wp\/v2\/comments?post=721"}],"version-history":[{"count":6,"href":"https:\/\/factoriaconocimientoecuador.aupex.org\/web\/wp-json\/wp\/v2\/pages\/721\/revisions"}],"predecessor-version":[{"id":735,"href":"https:\/\/factoriaconocimientoecuador.aupex.org\/web\/wp-json\/wp\/v2\/pages\/721\/revisions\/735"}],"wp:featuredmedia":[{"embeddable":true,"href":"https:\/\/factoriaconocimientoecuador.aupex.org\/web\/wp-json\/wp\/v2\/media\/798"}],"wp:attachment":[{"href":"https:\/\/factoriaconocimientoecuador.aupex.org\/web\/wp-json\/wp\/v2\/media?parent=721"}],"curies":[{"name":"wp","href":"https:\/\/api.w.org\/{rel}","templated":true}]}}