{"id":2231,"date":"2021-07-11T07:39:07","date_gmt":"2021-07-11T07:39:07","guid":{"rendered":"https:\/\/factoriaconocimientoecuador.aupex.org\/web\/?page_id=2231"},"modified":"2021-07-12T04:40:40","modified_gmt":"2021-07-12T04:40:40","slug":"blog","status":"publish","type":"page","link":"https:\/\/factoriaconocimientoecuador.aupex.org\/web\/blog\/","title":{"rendered":"Blog"},"content":{"rendered":"<p>[et_pb_section fb_built=&#8221;1&#8243; custom_padding_last_edited=&#8221;on|phone&#8221; module_class=&#8221;pa-overlay&#8221; _builder_version=&#8221;4.9.7&#8243; background_enable_color=&#8221;off&#8221; use_background_color_gradient=&#8221;on&#8221; background_color_gradient_start=&#8221;#405cc0&#8243; background_color_gradient_end=&#8221;rgba(41,196,169,0)&#8221; background_color_gradient_overlays_image=&#8221;on&#8221; background_image=&#8221;https:\/\/factoriaconocimientoecuador.aupex.org\/web\/wp-content\/uploads\/2021\/07\/portada-blog.jpg&#8221; background_position=&#8221;bottom_center&#8221; custom_padding=&#8221;202px||202px||true|false&#8221; custom_padding_tablet=&#8221;||150px&#8221; custom_padding_phone=&#8221;||100px|&#8221;][et_pb_row _builder_version=&#8221;3.25.2&#8243;][et_pb_column type=&#8221;4_4&#8243; _builder_version=&#8221;3.25.2&#8243;][et_pb_text module_class=&#8221;pa-heading-line-centered-1&#8243; _builder_version=&#8221;4.9.7&#8243; text_font=&#8221;|300|||||||&#8221; text_font_size=&#8221;18px&#8221; text_line_height=&#8221;1.8em&#8221; header_font=&#8221;Roboto|700|||||||&#8221; header_font_size=&#8221;48px&#8221; header_line_height=&#8221;1.3em&#8221; text_orientation=&#8221;center&#8221; background_layout=&#8221;dark&#8221; custom_margin=&#8221;||0px&#8221; text_font_size_tablet=&#8221;17px&#8221; text_font_size_phone=&#8221;16px&#8221; text_font_size_last_edited=&#8221;on|phone&#8221; header_font_size_tablet=&#8221;36px&#8221; header_font_size_phone=&#8221;30px&#8221; header_font_size_last_edited=&#8221;on|phone&#8221;]<\/p>\n<h1>BLOG<\/h1>\n<p>[\/et_pb_text][\/et_pb_column][\/et_pb_row][\/et_pb_section][et_pb_section fb_built=&#8221;1&#8243; _builder_version=&#8221;3.29.3&#8243;][et_pb_row use_custom_gutter=&#8221;on&#8221; gutter_width=&#8221;2&#8243; _builder_version=&#8221;4.9.7&#8243; max_width=&#8221;1600px&#8221;][et_pb_column type=&#8221;4_4&#8243; _builder_version=&#8221;3.29.3&#8243;][et_pb_blog fullwidth=&#8221;off&#8221; posts_number=&#8221;15&#8243; include_categories=&#8221;65&#8243; meta_date=&#8221;j M Y&#8221; show_more=&#8221;on&#8221; show_author=&#8221;off&#8221; show_categories=&#8221;off&#8221; _builder_version=&#8221;4.9.7&#8243; _module_preset=&#8221;default&#8221;][\/et_pb_blog][et_pb_text _builder_version=&#8221;3.29.3&#8243;]<\/p>\n<p style=\"text-align: center;\">Redes sociales<\/p>\n<p>[\/et_pb_text][et_pb_social_media_follow _builder_version=&#8221;3.29.3&#8243; text_orientation=&#8221;center&#8221;][et_pb_social_media_follow_network social_network=&#8221;facebook&#8221; url=&#8221;https:\/\/www.facebook.com\/FundImaymana\/&#8221; _builder_version=&#8221;3.29.3&#8243; background_color=&#8221;#3b5998&#8243; custom_button=&#8221;on&#8221; button_text_size=&#8221;6px&#8221; border_radii=&#8221;on|50px|50px|50px|50px&#8221; follow_button=&#8221;off&#8221; url_new_window=&#8221;on&#8221;]facebook[\/et_pb_social_media_follow_network][et_pb_social_media_follow_network social_network=&#8221;youtube&#8221; url=&#8221;https:\/\/www.youtube.com\/channel\/UCn-HO0iOqkcZVFzVtsEo4yQ&#8221; _builder_version=&#8221;3.29.3&#8243; background_color=&#8221;#a82400&#8243; border_radii=&#8221;on|50px|50px|50px|50px&#8221; follow_button=&#8221;off&#8221; url_new_window=&#8221;on&#8221;]youtube[\/et_pb_social_media_follow_network][\/et_pb_social_media_follow][\/et_pb_column][\/et_pb_row][\/et_pb_section]<\/p>\n","protected":false},"excerpt":{"rendered":"<p>BLOGRedes sociales<\/p>\n","protected":false},"author":1,"featured_media":2239,"parent":0,"menu_order":0,"comment_status":"closed","ping_status":"closed","template":"","meta":{"_et_pb_use_builder":"on","_et_pb_old_content":"","_et_gb_content_width":"","_joinchat":[],"footnotes":""},"class_list":["post-2231","page","type-page","status-publish","has-post-thumbnail","hentry"],"yoast_head":"<!-- This site is optimized with the Yoast SEO plugin v27.4 - https:\/\/yoast.com\/product\/yoast-seo-wordpress\/ -->\n<title>Blog - Factor\u00eda Conocimiento Ecuador<\/title>\n<meta name=\"robots\" content=\"index, follow, max-snippet:-1, max-image-preview:large, max-video-preview:-1\" \/>\n<link rel=\"canonical\" href=\"https:\/\/factoriaconocimientoecuador.aupex.org\/web\/blog\/\" \/>\n<meta property=\"og:locale\" content=\"es_ES\" \/>\n<meta property=\"og:type\" content=\"article\" \/>\n<meta property=\"og:title\" content=\"Blog - Factor\u00eda Conocimiento Ecuador\" \/>\n<meta property=\"og:description\" content=\"BLOGRedes sociales\" \/>\n<meta property=\"og:url\" content=\"https:\/\/factoriaconocimientoecuador.aupex.org\/web\/blog\/\" \/>\n<meta property=\"og:site_name\" content=\"Factor\u00eda Conocimiento Ecuador\" \/>\n<meta property=\"article:modified_time\" content=\"2021-07-12T04:40:40+00:00\" \/>\n<meta property=\"og:image\" content=\"https:\/\/factoriaconocimientoecuador.aupex.org\/web\/wp-content\/uploads\/2021\/07\/portada-blog.jpg\" \/>\n\t<meta property=\"og:image:width\" content=\"512\" \/>\n\t<meta property=\"og:image:height\" content=\"235\" \/>\n\t<meta property=\"og:image:type\" content=\"image\/jpeg\" \/>\n<meta name=\"twitter:card\" content=\"summary_large_image\" \/>\n<meta name=\"twitter:label1\" content=\"Tiempo de lectura\" \/>\n\t<meta name=\"twitter:data1\" content=\"2 minutos\" \/>\n<script type=\"application\/ld+json\" class=\"yoast-schema-graph\">{\"@context\":\"https:\\\/\\\/schema.org\",\"@graph\":[{\"@type\":\"WebPage\",\"@id\":\"https:\\\/\\\/factoriaconocimientoecuador.aupex.org\\\/web\\\/blog\\\/\",\"url\":\"https:\\\/\\\/factoriaconocimientoecuador.aupex.org\\\/web\\\/blog\\\/\",\"name\":\"Blog - Factor\u00eda Conocimiento Ecuador\",\"isPartOf\":{\"@id\":\"https:\\\/\\\/factoriaconocimientoecuador.aupex.org\\\/web\\\/#website\"},\"primaryImageOfPage\":{\"@id\":\"https:\\\/\\\/factoriaconocimientoecuador.aupex.org\\\/web\\\/blog\\\/#primaryimage\"},\"image\":{\"@id\":\"https:\\\/\\\/factoriaconocimientoecuador.aupex.org\\\/web\\\/blog\\\/#primaryimage\"},\"thumbnailUrl\":\"https:\\\/\\\/factoriaconocimientoecuador.aupex.org\\\/web\\\/wp-content\\\/uploads\\\/2021\\\/07\\\/portada-blog.jpg\",\"datePublished\":\"2021-07-11T07:39:07+00:00\",\"dateModified\":\"2021-07-12T04:40:40+00:00\",\"breadcrumb\":{\"@id\":\"https:\\\/\\\/factoriaconocimientoecuador.aupex.org\\\/web\\\/blog\\\/#breadcrumb\"},\"inLanguage\":\"es\",\"potentialAction\":[{\"@type\":\"ReadAction\",\"target\":[\"https:\\\/\\\/factoriaconocimientoecuador.aupex.org\\\/web\\\/blog\\\/\"]}]},{\"@type\":\"ImageObject\",\"inLanguage\":\"es\",\"@id\":\"https:\\\/\\\/factoriaconocimientoecuador.aupex.org\\\/web\\\/blog\\\/#primaryimage\",\"url\":\"https:\\\/\\\/factoriaconocimientoecuador.aupex.org\\\/web\\\/wp-content\\\/uploads\\\/2021\\\/07\\\/portada-blog.jpg\",\"contentUrl\":\"https:\\\/\\\/factoriaconocimientoecuador.aupex.org\\\/web\\\/wp-content\\\/uploads\\\/2021\\\/07\\\/portada-blog.jpg\",\"width\":512,\"height\":235},{\"@type\":\"BreadcrumbList\",\"@id\":\"https:\\\/\\\/factoriaconocimientoecuador.aupex.org\\\/web\\\/blog\\\/#breadcrumb\",\"itemListElement\":[{\"@type\":\"ListItem\",\"position\":1,\"name\":\"Portada\",\"item\":\"https:\\\/\\\/factoriaconocimientoecuador.aupex.org\\\/web\\\/\"},{\"@type\":\"ListItem\",\"position\":2,\"name\":\"Blog\"}]},{\"@type\":\"WebSite\",\"@id\":\"https:\\\/\\\/factoriaconocimientoecuador.aupex.org\\\/web\\\/#website\",\"url\":\"https:\\\/\\\/factoriaconocimientoecuador.aupex.org\\\/web\\\/\",\"name\":\"Factor\u00eda Conocimiento Ecuador\",\"description\":\"Web del Proyecto &quot;Factor\u00edas del Conocimiento para Desarrollo Sostenible&quot; en la Mancomunidad del Choc\u00f3 Andino, Ecuador.\",\"publisher\":{\"@id\":\"https:\\\/\\\/factoriaconocimientoecuador.aupex.org\\\/web\\\/#organization\"},\"potentialAction\":[{\"@type\":\"SearchAction\",\"target\":{\"@type\":\"EntryPoint\",\"urlTemplate\":\"https:\\\/\\\/factoriaconocimientoecuador.aupex.org\\\/web\\\/?s={search_term_string}\"},\"query-input\":{\"@type\":\"PropertyValueSpecification\",\"valueRequired\":true,\"valueName\":\"search_term_string\"}}],\"inLanguage\":\"es\"},{\"@type\":\"Organization\",\"@id\":\"https:\\\/\\\/factoriaconocimientoecuador.aupex.org\\\/web\\\/#organization\",\"name\":\"AUPEX\",\"url\":\"https:\\\/\\\/factoriaconocimientoecuador.aupex.org\\\/web\\\/\",\"logo\":{\"@type\":\"ImageObject\",\"inLanguage\":\"es\",\"@id\":\"https:\\\/\\\/factoriaconocimientoecuador.aupex.org\\\/web\\\/#\\\/schema\\\/logo\\\/image\\\/\",\"url\":\"https:\\\/\\\/factoriaconocimientoecuador.aupex.org\\\/web\\\/wp-content\\\/uploads\\\/2020\\\/02\\\/logo-aupex.jpg\",\"contentUrl\":\"https:\\\/\\\/factoriaconocimientoecuador.aupex.org\\\/web\\\/wp-content\\\/uploads\\\/2020\\\/02\\\/logo-aupex.jpg\",\"width\":638,\"height\":200,\"caption\":\"AUPEX\"},\"image\":{\"@id\":\"https:\\\/\\\/factoriaconocimientoecuador.aupex.org\\\/web\\\/#\\\/schema\\\/logo\\\/image\\\/\"}}]}<\/script>\n<!-- \/ Yoast SEO plugin. -->","yoast_head_json":{"title":"Blog - Factor\u00eda Conocimiento Ecuador","robots":{"index":"index","follow":"follow","max-snippet":"max-snippet:-1","max-image-preview":"max-image-preview:large","max-video-preview":"max-video-preview:-1"},"canonical":"https:\/\/factoriaconocimientoecuador.aupex.org\/web\/blog\/","og_locale":"es_ES","og_type":"article","og_title":"Blog - Factor\u00eda Conocimiento Ecuador","og_description":"BLOGRedes sociales","og_url":"https:\/\/factoriaconocimientoecuador.aupex.org\/web\/blog\/","og_site_name":"Factor\u00eda Conocimiento Ecuador","article_modified_time":"2021-07-12T04:40:40+00:00","og_image":[{"width":512,"height":235,"url":"https:\/\/factoriaconocimientoecuador.aupex.org\/web\/wp-content\/uploads\/2021\/07\/portada-blog.jpg","type":"image\/jpeg"}],"twitter_card":"summary_large_image","twitter_misc":{"Tiempo de lectura":"2 minutos"},"schema":{"@context":"https:\/\/schema.org","@graph":[{"@type":"WebPage","@id":"https:\/\/factoriaconocimientoecuador.aupex.org\/web\/blog\/","url":"https:\/\/factoriaconocimientoecuador.aupex.org\/web\/blog\/","name":"Blog - Factor\u00eda Conocimiento Ecuador","isPartOf":{"@id":"https:\/\/factoriaconocimientoecuador.aupex.org\/web\/#website"},"primaryImageOfPage":{"@id":"https:\/\/factoriaconocimientoecuador.aupex.org\/web\/blog\/#primaryimage"},"image":{"@id":"https:\/\/factoriaconocimientoecuador.aupex.org\/web\/blog\/#primaryimage"},"thumbnailUrl":"https:\/\/factoriaconocimientoecuador.aupex.org\/web\/wp-content\/uploads\/2021\/07\/portada-blog.jpg","datePublished":"2021-07-11T07:39:07+00:00","dateModified":"2021-07-12T04:40:40+00:00","breadcrumb":{"@id":"https:\/\/factoriaconocimientoecuador.aupex.org\/web\/blog\/#breadcrumb"},"inLanguage":"es","potentialAction":[{"@type":"ReadAction","target":["https:\/\/factoriaconocimientoecuador.aupex.org\/web\/blog\/"]}]},{"@type":"ImageObject","inLanguage":"es","@id":"https:\/\/factoriaconocimientoecuador.aupex.org\/web\/blog\/#primaryimage","url":"https:\/\/factoriaconocimientoecuador.aupex.org\/web\/wp-content\/uploads\/2021\/07\/portada-blog.jpg","contentUrl":"https:\/\/factoriaconocimientoecuador.aupex.org\/web\/wp-content\/uploads\/2021\/07\/portada-blog.jpg","width":512,"height":235},{"@type":"BreadcrumbList","@id":"https:\/\/factoriaconocimientoecuador.aupex.org\/web\/blog\/#breadcrumb","itemListElement":[{"@type":"ListItem","position":1,"name":"Portada","item":"https:\/\/factoriaconocimientoecuador.aupex.org\/web\/"},{"@type":"ListItem","position":2,"name":"Blog"}]},{"@type":"WebSite","@id":"https:\/\/factoriaconocimientoecuador.aupex.org\/web\/#website","url":"https:\/\/factoriaconocimientoecuador.aupex.org\/web\/","name":"Factor\u00eda Conocimiento Ecuador","description":"Web del Proyecto &quot;Factor\u00edas del Conocimiento para Desarrollo Sostenible&quot; en la Mancomunidad del Choc\u00f3 Andino, Ecuador.","publisher":{"@id":"https:\/\/factoriaconocimientoecuador.aupex.org\/web\/#organization"},"potentialAction":[{"@type":"SearchAction","target":{"@type":"EntryPoint","urlTemplate":"https:\/\/factoriaconocimientoecuador.aupex.org\/web\/?s={search_term_string}"},"query-input":{"@type":"PropertyValueSpecification","valueRequired":true,"valueName":"search_term_string"}}],"inLanguage":"es"},{"@type":"Organization","@id":"https:\/\/factoriaconocimientoecuador.aupex.org\/web\/#organization","name":"AUPEX","url":"https:\/\/factoriaconocimientoecuador.aupex.org\/web\/","logo":{"@type":"ImageObject","inLanguage":"es","@id":"https:\/\/factoriaconocimientoecuador.aupex.org\/web\/#\/schema\/logo\/image\/","url":"https:\/\/factoriaconocimientoecuador.aupex.org\/web\/wp-content\/uploads\/2020\/02\/logo-aupex.jpg","contentUrl":"https:\/\/factoriaconocimientoecuador.aupex.org\/web\/wp-content\/uploads\/2020\/02\/logo-aupex.jpg","width":638,"height":200,"caption":"AUPEX"},"image":{"@id":"https:\/\/factoriaconocimientoecuador.aupex.org\/web\/#\/schema\/logo\/image\/"}}]}},"post_mailing_queue_ids":[],"_links":{"self":[{"href":"https:\/\/factoriaconocimientoecuador.aupex.org\/web\/wp-json\/wp\/v2\/pages\/2231","targetHints":{"allow":["GET"]}}],"collection":[{"href":"https:\/\/factoriaconocimientoecuador.aupex.org\/web\/wp-json\/wp\/v2\/pages"}],"about":[{"href":"https:\/\/factoriaconocimientoecuador.aupex.org\/web\/wp-json\/wp\/v2\/types\/page"}],"author":[{"embeddable":true,"href":"https:\/\/factoriaconocimientoecuador.aupex.org\/web\/wp-json\/wp\/v2\/users\/1"}],"replies":[{"embeddable":true,"href":"https:\/\/factoriaconocimientoecuador.aupex.org\/web\/wp-json\/wp\/v2\/comments?post=2231"}],"version-history":[{"count":5,"href":"https:\/\/factoriaconocimientoecuador.aupex.org\/web\/wp-json\/wp\/v2\/pages\/2231\/revisions"}],"predecessor-version":[{"id":2242,"href":"https:\/\/factoriaconocimientoecuador.aupex.org\/web\/wp-json\/wp\/v2\/pages\/2231\/revisions\/2242"}],"wp:featuredmedia":[{"embeddable":true,"href":"https:\/\/factoriaconocimientoecuador.aupex.org\/web\/wp-json\/wp\/v2\/media\/2239"}],"wp:attachment":[{"href":"https:\/\/factoriaconocimientoecuador.aupex.org\/web\/wp-json\/wp\/v2\/media?parent=2231"}],"curies":[{"name":"wp","href":"https:\/\/api.w.org\/{rel}","templated":true}]}}