{"id":14,"date":"2020-02-07T11:00:35","date_gmt":"2020-02-07T11:00:35","guid":{"rendered":"https:\/\/factoriaconocimientoecuador.aupex.org\/web\/?page_id=14"},"modified":"2020-02-10T07:45:29","modified_gmt":"2020-02-10T07:45:29","slug":"resultados","status":"publish","type":"page","link":"https:\/\/factoriaconocimientoecuador.aupex.org\/web\/resultados\/","title":{"rendered":"Resultados del proyecto"},"content":{"rendered":"<p>[et_pb_section fb_built=&#8221;1&#8243; custom_padding_last_edited=&#8221;on|phone&#8221; module_class=&#8221;pa-overlay&#8221; _builder_version=&#8221;3.29.3&#8243; background_color=&#8221;#405cc0&#8243; background_image=&#8221;https:\/\/factoriaconocimientoecuador.aupex.org\/web\/wp-content\/uploads\/2020\/02\/Divi-consultant-header.jpg&#8221; parallax=&#8221;on&#8221; custom_padding=&#8221;292px||292px||true|false&#8221; custom_padding_tablet=&#8221;||150px&#8221; custom_padding_phone=&#8221;||100px|&#8221; fb_built=&#8221;1&#8243; _i=&#8221;0&#8243; _address=&#8221;0&#8243;][et_pb_row _builder_version=&#8221;3.25.2&#8243; _i=&#8221;0&#8243; _address=&#8221;0.0&#8243;][et_pb_column type=&#8221;4_4&#8243; _builder_version=&#8221;3.25.2&#8243; _i=&#8221;0&#8243; _address=&#8221;0.0.0&#8243;][et_pb_text module_class=&#8221;pa-heading-line-centered-1&#8243; _builder_version=&#8221;3.29.3&#8243; text_font=&#8221;|300|||||||&#8221; text_font_size=&#8221;18px&#8221; text_line_height=&#8221;1.8em&#8221; header_font=&#8221;Roboto|700|||||||&#8221; header_font_size=&#8221;48px&#8221; header_line_height=&#8221;1.3em&#8221; text_orientation=&#8221;center&#8221; background_layout=&#8221;dark&#8221; custom_margin=&#8221;||0px&#8221; text_font_size_tablet=&#8221;17px&#8221; text_font_size_phone=&#8221;16px&#8221; text_font_size_last_edited=&#8221;on|phone&#8221; header_font_size_tablet=&#8221;36px&#8221; header_font_size_phone=&#8221;30px&#8221; header_font_size_last_edited=&#8221;on|phone&#8221; _i=&#8221;0&#8243; _address=&#8221;0.0.0.0&#8243;]<\/p>\n<h1>RESULTADOS<\/h1>\n<p>[\/et_pb_text][\/et_pb_column][\/et_pb_row][\/et_pb_section][et_pb_section fb_built=&#8221;1&#8243; _builder_version=&#8221;3.25.2&#8243; fb_built=&#8221;1&#8243; _i=&#8221;1&#8243; _address=&#8221;1&#8243;][et_pb_row column_structure=&#8221;1_3,1_3,1_3&#8243; use_custom_gutter=&#8221;on&#8221; gutter_width=&#8221;1&#8243; _builder_version=&#8221;3.25.2&#8243; background_color=&#8221;#FFFFFF&#8221; custom_margin=&#8221;-150px||&#8221; custom_padding=&#8221;50px|20px|50px|20px|true|true&#8221; animation_style=&#8221;slide&#8221; animation_direction=&#8221;bottom&#8221; animation_intensity_slide=&#8221;10%&#8221; border_radii=&#8221;on|4px|4px|4px|4px&#8221; box_shadow_style=&#8221;preset1&#8243; box_shadow_vertical=&#8221;0px&#8221; box_shadow_blur=&#8221;80px&#8221; box_shadow_color=&#8221;rgba(46,75,167,0.1)&#8221; _i=&#8221;0&#8243; _address=&#8221;1.0&#8243;][et_pb_column type=&#8221;1_3&#8243; _builder_version=&#8221;3.25.2&#8243; _i=&#8221;0&#8243; _address=&#8221;1.0.0&#8243;][et_pb_number_counter title=&#8221;Destinatarios directos&#8221; number=&#8221;4383&#8243; percent_sign=&#8221;off&#8221; _builder_version=&#8221;3.29.3&#8243; number_font=&#8221;||||||||&#8221; number_text_color=&#8221;#057427&#8243; _i=&#8221;0&#8243; _address=&#8221;1.0.0.0&#8243;][\/et_pb_number_counter][\/et_pb_column][et_pb_column type=&#8221;1_3&#8243; module_class=&#8221;pa-border&#8221; _builder_version=&#8221;3.25.2&#8243; _i=&#8221;1&#8243; _address=&#8221;1.0.1&#8243;][et_pb_number_counter title=&#8221;Poblaci\u00f3n destinataria indirecta&#8221; number=&#8221;5258&#8243; percent_sign=&#8221;off&#8221; _builder_version=&#8221;3.29.3&#8243; number_font=&#8221;||||||||&#8221; number_text_color=&#8221;#057427&#8243; _i=&#8221;0&#8243; _address=&#8221;1.0.1.0&#8243;][\/et_pb_number_counter][\/et_pb_column][et_pb_column type=&#8221;1_3&#8243; _builder_version=&#8221;3.25.2&#8243; _i=&#8221;2&#8243; _address=&#8221;1.0.2&#8243;][et_pb_number_counter title=&#8221;Poblaci\u00f3n total de la zona&#8221; number=&#8221;21954&#8243; percent_sign=&#8221;off&#8221; _builder_version=&#8221;3.29.3&#8243; number_font=&#8221;||||||||&#8221; number_text_color=&#8221;#057427&#8243; _i=&#8221;0&#8243; _address=&#8221;1.0.2.0&#8243;][\/et_pb_number_counter][\/et_pb_column][\/et_pb_row][et_pb_row _builder_version=&#8221;3.29.3&#8243; _i=&#8221;1&#8243; _address=&#8221;1.1&#8243;][et_pb_column type=&#8221;4_4&#8243; _builder_version=&#8221;3.29.3&#8243; _i=&#8221;0&#8243; _address=&#8221;1.1.0&#8243;][et_pb_text _builder_version=&#8221;3.29.3&#8243; custom_margin=&#8221;-268px||||false|false&#8221; custom_padding=&#8221;32px||||false|false&#8221; _i=&#8221;0&#8243; _address=&#8221;1.1.0.0&#8243;]<\/p>\n<h2 style=\"text-align: center;\">RESULTADOS ESPERADOS<\/h2>\n<p>[\/et_pb_text][\/et_pb_column][\/et_pb_row][\/et_pb_section][et_pb_section fb_built=&#8221;1&#8243; module_class=&#8221;pa-hide-background-image-mobile&#8221; _builder_version=&#8221;3.25.2&#8243; background_image=&#8221;https:\/\/factoriaconocimientoecuador.aupex.org\/web\/wp-content\/uploads\/2020\/02\/Asset-2.png&#8221; background_size=&#8221;initial&#8221; background_position=&#8221;center_right&#8221; fb_built=&#8221;1&#8243; _i=&#8221;2&#8243; _address=&#8221;2&#8243;][et_pb_row column_structure=&#8221;1_4,1_4,1_2&#8243; use_custom_gutter=&#8221;on&#8221; gutter_width=&#8221;2&#8243; _builder_version=&#8221;3.25.2&#8243; max_width=&#8221;100%&#8221; custom_padding=&#8221;50px|||||&#8221; _i=&#8221;0&#8243; _address=&#8221;2.0&#8243;][et_pb_column type=&#8221;1_4&#8243; _builder_version=&#8221;3.25.2&#8243; _i=&#8221;0&#8243; _address=&#8221;2.0.0&#8243;][et_pb_blurb title=&#8221;Your Blurb Title&#8221; image=&#8221;https:\/\/factoriaconocimientoecuador.aupex.org\/web\/wp-content\/uploads\/2020\/02\/colleagues-company-cooperation-1081228.jpg&#8221; module_class=&#8221;pa-consultant-blurb pa-heading-line-left-1&#8243; _builder_version=&#8221;3.25.2&#8243; header_font=&#8221;|700|||||||&#8221; header_font_size=&#8221;24px&#8221; body_font=&#8221;|300|||||||&#8221; body_text_align=&#8221;left&#8221; body_font_size=&#8221;18px&#8221; body_line_height=&#8221;1.8em&#8221; background_layout=&#8221;dark&#8221; custom_margin_tablet=&#8221;||40px&#8221; custom_margin_last_edited=&#8221;off|tablet&#8221; animation_style=&#8221;slide&#8221; animation_intensity_slide=&#8221;10%&#8221; animation=&#8221;off&#8221; link_option_url=&#8221;#&#8221; body_font_size_tablet=&#8221;17px&#8221; body_font_size_phone=&#8221;16px&#8221; body_font_size_last_edited=&#8221;on|phone&#8221; _i=&#8221;0&#8243; _address=&#8221;2.0.0.0&#8243;]<\/p>\n<p>This is some text in our custom blurb module.<\/p>\n<p>[\/et_pb_blurb][et_pb_blurb _builder_version=&#8221;3.25.2&#8243; _i=&#8221;1&#8243; _address=&#8221;2.0.0.1&#8243;][\/et_pb_blurb][\/et_pb_column][et_pb_column type=&#8221;1_4&#8243; _builder_version=&#8221;3.25.2&#8243; custom_padding=&#8221;||&#8221; custom_padding_last_edited=&#8221;off|desktop&#8221; custom_css_main_element=&#8221;margin-top: 175px;&#8221; _i=&#8221;1&#8243; _address=&#8221;2.0.1&#8243;][et_pb_blurb title=&#8221;Your Blurb Title&#8221; image=&#8221;https:\/\/factoriaconocimientoecuador.aupex.org\/web\/wp-content\/uploads\/2020\/02\/board-game-businessman-challenge-1040157.jpg&#8221; module_class=&#8221;pa-consultant-blurb pa-heading-line-left-1&#8243; _builder_version=&#8221;3.25.2&#8243; header_font=&#8221;|700|||||||&#8221; header_font_size=&#8221;24px&#8221; body_font=&#8221;|300|||||||&#8221; body_text_align=&#8221;left&#8221; body_font_size=&#8221;18px&#8221; body_line_height=&#8221;1.8em&#8221; background_layout=&#8221;dark&#8221; custom_margin_tablet=&#8221;0%|||&#8221; custom_margin_phone=&#8221;0%|||&#8221; custom_margin_last_edited=&#8221;on|phone&#8221; animation_style=&#8221;slide&#8221; animation=&#8221;off&#8221; link_option_url=&#8221;#&#8221; body_font_size_tablet=&#8221;17px&#8221; body_font_size_phone=&#8221;16px&#8221; body_font_size_last_edited=&#8221;on|phone&#8221; _i=&#8221;0&#8243; _address=&#8221;2.0.1.0&#8243;]<\/p>\n<p>This is some text in our custom blurb module.<\/p>\n<p>[\/et_pb_blurb][\/et_pb_column][et_pb_column type=&#8221;1_2&#8243; _builder_version=&#8221;3.25.2&#8243; custom_padding=&#8221;50px|100px||100px||true&#8221; custom_padding_tablet=&#8221;|0px||0px&#8221; custom_padding_last_edited=&#8221;on|phone&#8221; _i=&#8221;2&#8243; _address=&#8221;2.0.2&#8243;][\/et_pb_column][\/et_pb_row][\/et_pb_section][et_pb_section fb_built=&#8221;1&#8243; _builder_version=&#8221;3.25.2&#8243; background_color=&#8221;#dadff2&#8243; background_image=&#8221;https:\/\/factoriaconocimientoecuador.aupex.org\/web\/wp-content\/uploads\/2020\/02\/Divi-Consultant-Layout-Footer.jpg&#8221; background_size=&#8221;initial&#8221; background_position=&#8221;bottom_center&#8221; background_blend=&#8221;multiply&#8221; fb_built=&#8221;1&#8243; _i=&#8221;5&#8243; _address=&#8221;5&#8243;][et_pb_row column_structure=&#8221;1_2,1_4,1_4&#8243; use_custom_gutter=&#8221;on&#8221; gutter_width=&#8221;2&#8243; _builder_version=&#8221;3.25.2&#8243; custom_margin=&#8221;100px||&#8221; custom_margin_tablet=&#8221;60px||&#8221; custom_margin_last_edited=&#8221;on|desktop&#8221; _i=&#8221;1&#8243; _address=&#8221;5.1&#8243;][et_pb_column type=&#8221;1_2&#8243; _builder_version=&#8221;3.25.2&#8243; _i=&#8221;0&#8243; _address=&#8221;5.1.0&#8243;][et_pb_image src=&#8221;@ET-DC@eyJkeW5hbWljIjp0cnVlLCJjb250ZW50Ijoic2l0ZV9sb2dvIiwic2V0dGluZ3MiOnt9fQ==@&#8221; _builder_version=&#8221;3.25.2&#8243; _dynamic_attributes=&#8221;src&#8221; _i=&#8221;0&#8243; _address=&#8221;5.1.0.0&#8243;][\/et_pb_image][et_pb_social_media_follow _builder_version=&#8221;3.25.2&#8243; custom_margin=&#8221;40px||&#8221; _i=&#8221;2&#8243; _address=&#8221;5.1.0.2&#8243;][et_pb_social_media_follow_network social_network=&#8221;facebook&#8221; icon_color=&#8221;#2e4ba7&#8243; use_icon_font_size=&#8221;on&#8221; icon_font_size=&#8221;20px&#8221; _builder_version=&#8221;3.25.2&#8243; background_color=&#8221;#ffffff&#8221; custom_margin=&#8221;|2px||2px||true&#8221; border_radii=&#8221;on|50px|50px|50px|50px&#8221; follow_button=&#8221;off&#8221; url_new_window=&#8221;on&#8221; _i=&#8221;0&#8243; _address=&#8221;5.1.0.2.0&#8243;]facebook[\/et_pb_social_media_follow_network][et_pb_social_media_follow_network social_network=&#8221;twitter&#8221; icon_color=&#8221;#2e4ba7&#8243; use_icon_font_size=&#8221;on&#8221; icon_font_size=&#8221;20px&#8221; _builder_version=&#8221;3.25.2&#8243; background_color=&#8221;#ffffff&#8221; custom_margin=&#8221;|2px||2px||true&#8221; border_radii=&#8221;on|50px|50px|50px|50px&#8221; follow_button=&#8221;off&#8221; url_new_window=&#8221;on&#8221; _i=&#8221;1&#8243; _address=&#8221;5.1.0.2.1&#8243;]twitter[\/et_pb_social_media_follow_network][et_pb_social_media_follow_network social_network=&#8221;instagram&#8221; icon_color=&#8221;#2e4ba7&#8243; use_icon_font_size=&#8221;on&#8221; icon_font_size=&#8221;20px&#8221; _builder_version=&#8221;3.25.2&#8243; background_color=&#8221;#ffffff&#8221; custom_margin=&#8221;|2px||2px||true&#8221; border_radii=&#8221;on|50px|50px|50px|50px&#8221; follow_button=&#8221;off&#8221; url_new_window=&#8221;on&#8221; _i=&#8221;2&#8243; _address=&#8221;5.1.0.2.2&#8243;]instagram[\/et_pb_social_media_follow_network][et_pb_social_media_follow_network social_network=&#8221;youtube&#8221; icon_color=&#8221;#2e4ba7&#8243; use_icon_font_size=&#8221;on&#8221; icon_font_size=&#8221;20px&#8221; _builder_version=&#8221;3.25.2&#8243; background_color=&#8221;#ffffff&#8221; custom_margin=&#8221;|2px||2px||true&#8221; border_radii=&#8221;on|50px|50px|50px|50px&#8221; follow_button=&#8221;off&#8221; url_new_window=&#8221;on&#8221; _i=&#8221;3&#8243; _address=&#8221;5.1.0.2.3&#8243;]youtube[\/et_pb_social_media_follow_network][\/et_pb_social_media_follow][\/et_pb_column][et_pb_column type=&#8221;1_4&#8243; _builder_version=&#8221;3.25.2&#8243; _i=&#8221;1&#8243; _address=&#8221;5.1.1&#8243;][\/et_pb_column][et_pb_column type=&#8221;1_4&#8243; _builder_version=&#8221;3.25.2&#8243; _i=&#8221;2&#8243; _address=&#8221;5.1.2&#8243;][\/et_pb_column][\/et_pb_row][\/et_pb_section]<\/p>\n","protected":false},"excerpt":{"rendered":"<p>RESULTADOSRESULTADOS ESPERADOSThis is some text in our custom blurb module.This is some text in our custom blurb module.<\/p>\n","protected":false},"author":1,"featured_media":798,"parent":0,"menu_order":0,"comment_status":"closed","ping_status":"closed","template":"","meta":{"_et_pb_use_builder":"on","_et_pb_old_content":"","_et_gb_content_width":"","_joinchat":[],"footnotes":""},"class_list":["post-14","page","type-page","status-publish","has-post-thumbnail","hentry"],"yoast_head":"<!-- This site is optimized with the Yoast SEO plugin v27.5 - https:\/\/yoast.com\/product\/yoast-seo-wordpress\/ -->\n<title>Resultados del proyecto - Factor\u00eda Conocimiento Ecuador<\/title>\n<meta name=\"robots\" content=\"index, follow, max-snippet:-1, max-image-preview:large, max-video-preview:-1\" \/>\n<link rel=\"canonical\" href=\"https:\/\/factoriaconocimientoecuador.aupex.org\/web\/resultados\/\" \/>\n<meta property=\"og:locale\" content=\"es_ES\" \/>\n<meta property=\"og:type\" content=\"article\" \/>\n<meta property=\"og:title\" content=\"Resultados del proyecto - Factor\u00eda Conocimiento Ecuador\" \/>\n<meta property=\"og:description\" content=\"RESULTADOSRESULTADOS ESPERADOSThis is some text in our custom blurb module.This is some text in our custom blurb module.\" \/>\n<meta property=\"og:url\" content=\"https:\/\/factoriaconocimientoecuador.aupex.org\/web\/resultados\/\" \/>\n<meta property=\"og:site_name\" content=\"Factor\u00eda Conocimiento Ecuador\" \/>\n<meta property=\"article:modified_time\" content=\"2020-02-10T07:45:29+00:00\" \/>\n<meta property=\"og:image\" content=\"https:\/\/factoriaconocimientoecuador.aupex.org\/web\/wp-content\/uploads\/2020\/02\/logo-factorias-ecuador.jpg\" \/>\n\t<meta property=\"og:image:width\" content=\"800\" \/>\n\t<meta property=\"og:image:height\" content=\"327\" \/>\n\t<meta property=\"og:image:type\" content=\"image\/jpeg\" \/>\n<meta name=\"twitter:card\" content=\"summary_large_image\" \/>\n<meta name=\"twitter:label1\" content=\"Tiempo de lectura\" \/>\n\t<meta name=\"twitter:data1\" content=\"5 minutos\" \/>\n<script type=\"application\/ld+json\" class=\"yoast-schema-graph\">{\"@context\":\"https:\\\/\\\/schema.org\",\"@graph\":[{\"@type\":\"WebPage\",\"@id\":\"https:\\\/\\\/factoriaconocimientoecuador.aupex.org\\\/web\\\/resultados\\\/\",\"url\":\"https:\\\/\\\/factoriaconocimientoecuador.aupex.org\\\/web\\\/resultados\\\/\",\"name\":\"Resultados del proyecto - Factor\u00eda Conocimiento Ecuador\",\"isPartOf\":{\"@id\":\"https:\\\/\\\/factoriaconocimientoecuador.aupex.org\\\/web\\\/#website\"},\"primaryImageOfPage\":{\"@id\":\"https:\\\/\\\/factoriaconocimientoecuador.aupex.org\\\/web\\\/resultados\\\/#primaryimage\"},\"image\":{\"@id\":\"https:\\\/\\\/factoriaconocimientoecuador.aupex.org\\\/web\\\/resultados\\\/#primaryimage\"},\"thumbnailUrl\":\"https:\\\/\\\/factoriaconocimientoecuador.aupex.org\\\/web\\\/wp-content\\\/uploads\\\/2020\\\/02\\\/logo-factorias-ecuador.jpg\",\"datePublished\":\"2020-02-07T11:00:35+00:00\",\"dateModified\":\"2020-02-10T07:45:29+00:00\",\"breadcrumb\":{\"@id\":\"https:\\\/\\\/factoriaconocimientoecuador.aupex.org\\\/web\\\/resultados\\\/#breadcrumb\"},\"inLanguage\":\"es\",\"potentialAction\":[{\"@type\":\"ReadAction\",\"target\":[\"https:\\\/\\\/factoriaconocimientoecuador.aupex.org\\\/web\\\/resultados\\\/\"]}]},{\"@type\":\"ImageObject\",\"inLanguage\":\"es\",\"@id\":\"https:\\\/\\\/factoriaconocimientoecuador.aupex.org\\\/web\\\/resultados\\\/#primaryimage\",\"url\":\"https:\\\/\\\/factoriaconocimientoecuador.aupex.org\\\/web\\\/wp-content\\\/uploads\\\/2020\\\/02\\\/logo-factorias-ecuador.jpg\",\"contentUrl\":\"https:\\\/\\\/factoriaconocimientoecuador.aupex.org\\\/web\\\/wp-content\\\/uploads\\\/2020\\\/02\\\/logo-factorias-ecuador.jpg\",\"width\":800,\"height\":327},{\"@type\":\"BreadcrumbList\",\"@id\":\"https:\\\/\\\/factoriaconocimientoecuador.aupex.org\\\/web\\\/resultados\\\/#breadcrumb\",\"itemListElement\":[{\"@type\":\"ListItem\",\"position\":1,\"name\":\"Portada\",\"item\":\"https:\\\/\\\/factoriaconocimientoecuador.aupex.org\\\/web\\\/\"},{\"@type\":\"ListItem\",\"position\":2,\"name\":\"Resultados del proyecto\"}]},{\"@type\":\"WebSite\",\"@id\":\"https:\\\/\\\/factoriaconocimientoecuador.aupex.org\\\/web\\\/#website\",\"url\":\"https:\\\/\\\/factoriaconocimientoecuador.aupex.org\\\/web\\\/\",\"name\":\"Factor\u00eda Conocimiento Ecuador\",\"description\":\"Web del Proyecto &quot;Factor\u00edas del Conocimiento para Desarrollo Sostenible&quot; en la Mancomunidad del Choc\u00f3 Andino, Ecuador.\",\"publisher\":{\"@id\":\"https:\\\/\\\/factoriaconocimientoecuador.aupex.org\\\/web\\\/#organization\"},\"potentialAction\":[{\"@type\":\"SearchAction\",\"target\":{\"@type\":\"EntryPoint\",\"urlTemplate\":\"https:\\\/\\\/factoriaconocimientoecuador.aupex.org\\\/web\\\/?s={search_term_string}\"},\"query-input\":{\"@type\":\"PropertyValueSpecification\",\"valueRequired\":true,\"valueName\":\"search_term_string\"}}],\"inLanguage\":\"es\"},{\"@type\":\"Organization\",\"@id\":\"https:\\\/\\\/factoriaconocimientoecuador.aupex.org\\\/web\\\/#organization\",\"name\":\"AUPEX\",\"url\":\"https:\\\/\\\/factoriaconocimientoecuador.aupex.org\\\/web\\\/\",\"logo\":{\"@type\":\"ImageObject\",\"inLanguage\":\"es\",\"@id\":\"https:\\\/\\\/factoriaconocimientoecuador.aupex.org\\\/web\\\/#\\\/schema\\\/logo\\\/image\\\/\",\"url\":\"https:\\\/\\\/factoriaconocimientoecuador.aupex.org\\\/web\\\/wp-content\\\/uploads\\\/2020\\\/02\\\/logo-aupex.jpg\",\"contentUrl\":\"https:\\\/\\\/factoriaconocimientoecuador.aupex.org\\\/web\\\/wp-content\\\/uploads\\\/2020\\\/02\\\/logo-aupex.jpg\",\"width\":638,\"height\":200,\"caption\":\"AUPEX\"},\"image\":{\"@id\":\"https:\\\/\\\/factoriaconocimientoecuador.aupex.org\\\/web\\\/#\\\/schema\\\/logo\\\/image\\\/\"}}]}<\/script>\n<!-- \/ Yoast SEO plugin. -->","yoast_head_json":{"title":"Resultados del proyecto - Factor\u00eda Conocimiento Ecuador","robots":{"index":"index","follow":"follow","max-snippet":"max-snippet:-1","max-image-preview":"max-image-preview:large","max-video-preview":"max-video-preview:-1"},"canonical":"https:\/\/factoriaconocimientoecuador.aupex.org\/web\/resultados\/","og_locale":"es_ES","og_type":"article","og_title":"Resultados del proyecto - Factor\u00eda Conocimiento Ecuador","og_description":"RESULTADOSRESULTADOS ESPERADOSThis is some text in our custom blurb module.This is some text in our custom blurb module.","og_url":"https:\/\/factoriaconocimientoecuador.aupex.org\/web\/resultados\/","og_site_name":"Factor\u00eda Conocimiento Ecuador","article_modified_time":"2020-02-10T07:45:29+00:00","og_image":[{"width":800,"height":327,"url":"https:\/\/factoriaconocimientoecuador.aupex.org\/web\/wp-content\/uploads\/2020\/02\/logo-factorias-ecuador.jpg","type":"image\/jpeg"}],"twitter_card":"summary_large_image","twitter_misc":{"Tiempo de lectura":"5 minutos"},"schema":{"@context":"https:\/\/schema.org","@graph":[{"@type":"WebPage","@id":"https:\/\/factoriaconocimientoecuador.aupex.org\/web\/resultados\/","url":"https:\/\/factoriaconocimientoecuador.aupex.org\/web\/resultados\/","name":"Resultados del proyecto - Factor\u00eda Conocimiento Ecuador","isPartOf":{"@id":"https:\/\/factoriaconocimientoecuador.aupex.org\/web\/#website"},"primaryImageOfPage":{"@id":"https:\/\/factoriaconocimientoecuador.aupex.org\/web\/resultados\/#primaryimage"},"image":{"@id":"https:\/\/factoriaconocimientoecuador.aupex.org\/web\/resultados\/#primaryimage"},"thumbnailUrl":"https:\/\/factoriaconocimientoecuador.aupex.org\/web\/wp-content\/uploads\/2020\/02\/logo-factorias-ecuador.jpg","datePublished":"2020-02-07T11:00:35+00:00","dateModified":"2020-02-10T07:45:29+00:00","breadcrumb":{"@id":"https:\/\/factoriaconocimientoecuador.aupex.org\/web\/resultados\/#breadcrumb"},"inLanguage":"es","potentialAction":[{"@type":"ReadAction","target":["https:\/\/factoriaconocimientoecuador.aupex.org\/web\/resultados\/"]}]},{"@type":"ImageObject","inLanguage":"es","@id":"https:\/\/factoriaconocimientoecuador.aupex.org\/web\/resultados\/#primaryimage","url":"https:\/\/factoriaconocimientoecuador.aupex.org\/web\/wp-content\/uploads\/2020\/02\/logo-factorias-ecuador.jpg","contentUrl":"https:\/\/factoriaconocimientoecuador.aupex.org\/web\/wp-content\/uploads\/2020\/02\/logo-factorias-ecuador.jpg","width":800,"height":327},{"@type":"BreadcrumbList","@id":"https:\/\/factoriaconocimientoecuador.aupex.org\/web\/resultados\/#breadcrumb","itemListElement":[{"@type":"ListItem","position":1,"name":"Portada","item":"https:\/\/factoriaconocimientoecuador.aupex.org\/web\/"},{"@type":"ListItem","position":2,"name":"Resultados del proyecto"}]},{"@type":"WebSite","@id":"https:\/\/factoriaconocimientoecuador.aupex.org\/web\/#website","url":"https:\/\/factoriaconocimientoecuador.aupex.org\/web\/","name":"Factor\u00eda Conocimiento Ecuador","description":"Web del Proyecto &quot;Factor\u00edas del Conocimiento para Desarrollo Sostenible&quot; en la Mancomunidad del Choc\u00f3 Andino, Ecuador.","publisher":{"@id":"https:\/\/factoriaconocimientoecuador.aupex.org\/web\/#organization"},"potentialAction":[{"@type":"SearchAction","target":{"@type":"EntryPoint","urlTemplate":"https:\/\/factoriaconocimientoecuador.aupex.org\/web\/?s={search_term_string}"},"query-input":{"@type":"PropertyValueSpecification","valueRequired":true,"valueName":"search_term_string"}}],"inLanguage":"es"},{"@type":"Organization","@id":"https:\/\/factoriaconocimientoecuador.aupex.org\/web\/#organization","name":"AUPEX","url":"https:\/\/factoriaconocimientoecuador.aupex.org\/web\/","logo":{"@type":"ImageObject","inLanguage":"es","@id":"https:\/\/factoriaconocimientoecuador.aupex.org\/web\/#\/schema\/logo\/image\/","url":"https:\/\/factoriaconocimientoecuador.aupex.org\/web\/wp-content\/uploads\/2020\/02\/logo-aupex.jpg","contentUrl":"https:\/\/factoriaconocimientoecuador.aupex.org\/web\/wp-content\/uploads\/2020\/02\/logo-aupex.jpg","width":638,"height":200,"caption":"AUPEX"},"image":{"@id":"https:\/\/factoriaconocimientoecuador.aupex.org\/web\/#\/schema\/logo\/image\/"}}]}},"post_mailing_queue_ids":[],"_links":{"self":[{"href":"https:\/\/factoriaconocimientoecuador.aupex.org\/web\/wp-json\/wp\/v2\/pages\/14","targetHints":{"allow":["GET"]}}],"collection":[{"href":"https:\/\/factoriaconocimientoecuador.aupex.org\/web\/wp-json\/wp\/v2\/pages"}],"about":[{"href":"https:\/\/factoriaconocimientoecuador.aupex.org\/web\/wp-json\/wp\/v2\/types\/page"}],"author":[{"embeddable":true,"href":"https:\/\/factoriaconocimientoecuador.aupex.org\/web\/wp-json\/wp\/v2\/users\/1"}],"replies":[{"embeddable":true,"href":"https:\/\/factoriaconocimientoecuador.aupex.org\/web\/wp-json\/wp\/v2\/comments?post=14"}],"version-history":[{"count":6,"href":"https:\/\/factoriaconocimientoecuador.aupex.org\/web\/wp-json\/wp\/v2\/pages\/14\/revisions"}],"predecessor-version":[{"id":128,"href":"https:\/\/factoriaconocimientoecuador.aupex.org\/web\/wp-json\/wp\/v2\/pages\/14\/revisions\/128"}],"wp:featuredmedia":[{"embeddable":true,"href":"https:\/\/factoriaconocimientoecuador.aupex.org\/web\/wp-json\/wp\/v2\/media\/798"}],"wp:attachment":[{"href":"https:\/\/factoriaconocimientoecuador.aupex.org\/web\/wp-json\/wp\/v2\/media?parent=14"}],"curies":[{"name":"wp","href":"https:\/\/api.w.org\/{rel}","templated":true}]}}