{"id":12,"date":"2020-02-07T11:08:19","date_gmt":"2020-02-07T11:08:19","guid":{"rendered":"https:\/\/factoriaconocimientoecuador.aupex.org\/web\/?page_id=12"},"modified":"2021-08-05T06:43:23","modified_gmt":"2021-08-05T06:43:23","slug":"informe-tecnico","status":"publish","type":"page","link":"https:\/\/factoriaconocimientoecuador.aupex.org\/web\/informe-tecnico\/","title":{"rendered":"Informe T\u00e9cnico"},"content":{"rendered":"<p>[et_pb_section fb_built=&#8221;1&#8243; custom_padding_last_edited=&#8221;on|phone&#8221; module_class=&#8221;pa-overlay&#8221; _builder_version=&#8221;3.29.3&#8243; background_enable_color=&#8221;off&#8221; use_background_color_gradient=&#8221;on&#8221; background_color_gradient_start=&#8221;#405cc0&#8243; background_color_gradient_end=&#8221;rgba(41,196,169,0.18)&#8221; background_color_gradient_overlays_image=&#8221;on&#8221; background_image=&#8221;https:\/\/factoriaconocimientoecuador.aupex.org\/web\/wp-content\/uploads\/2020\/02\/Divi-consultant-header.jpg&#8221; custom_padding=&#8221;292px||292px||true|false&#8221; custom_padding_tablet=&#8221;||150px&#8221; custom_padding_phone=&#8221;||100px|&#8221;][et_pb_row _builder_version=&#8221;3.25.2&#8243;][et_pb_column type=&#8221;4_4&#8243; _builder_version=&#8221;3.25.2&#8243;][et_pb_text module_class=&#8221;pa-heading-line-centered-1&#8243; _builder_version=&#8221;3.29.3&#8243; text_font=&#8221;|300|||||||&#8221; text_font_size=&#8221;18px&#8221; text_line_height=&#8221;1.8em&#8221; header_font=&#8221;Roboto|700|||||||&#8221; header_font_size=&#8221;48px&#8221; header_line_height=&#8221;1.3em&#8221; text_orientation=&#8221;center&#8221; background_layout=&#8221;dark&#8221; custom_margin=&#8221;||0px&#8221; text_font_size_tablet=&#8221;17px&#8221; text_font_size_phone=&#8221;16px&#8221; text_font_size_last_edited=&#8221;on|phone&#8221; header_font_size_tablet=&#8221;36px&#8221; header_font_size_phone=&#8221;30px&#8221; header_font_size_last_edited=&#8221;on|phone&#8221;]<\/p>\n<h1>INFORME T\u00c9CNICO<\/h1>\n<p>[\/et_pb_text][\/et_pb_column][\/et_pb_row][\/et_pb_section][et_pb_section fb_built=&#8221;1&#8243; _builder_version=&#8221;3.29.3&#8243;][et_pb_row _builder_version=&#8221;3.29.3&#8243;][et_pb_column type=&#8221;4_4&#8243; _builder_version=&#8221;3.29.3&#8243;][et_pb_text _builder_version=&#8221;3.29.3&#8243; header_font=&#8221;||||||||&#8221; header_2_font=&#8221;Mukta|300|||||||&#8221; header_2_font_size=&#8221;50px&#8221; header_2_line_height=&#8221;1.3em&#8221; max_width=&#8221;700px&#8221; custom_margin=&#8221;||10px&#8221; animation_style=&#8221;slide&#8221; animation_direction=&#8221;top&#8221; animation_intensity_slide=&#8221;5%&#8221; header_2_font_size_tablet=&#8221;36px&#8221; header_2_font_size_phone=&#8221;24px&#8221; header_2_font_size_last_edited=&#8221;on|desktop&#8221; header_2_font_size__hover=&#8221;26px&#8221; header_2_font_size__hover_enabled=&#8221;26px&#8221; header_2_letter_spacing__hover=&#8221;0px&#8221; header_2_letter_spacing__hover_enabled=&#8221;0px&#8221; header_2_line_height__hover=&#8221;1em&#8221; header_2_line_height__hover_enabled=&#8221;1em&#8221; header_2_text_shadow_style__hover=&#8221;none&#8221; header_2_text_shadow_style__hover_enabled=&#8221;none&#8221; header_2_text_shadow_color__hover=&#8221;rgba(0,0,0,0.4)&#8221; header_2_text_shadow_color__hover_enabled=&#8221;rgba(0,0,0,0.4)&#8221;]<\/p>\n<h2>Informe T\u00e9cnico<\/h2>\n<p>[\/et_pb_text][et_pb_divider divider_weight=&#8221;6px&#8221; _builder_version=&#8221;3.29.3&#8243; max_width=&#8221;100px&#8221; custom_margin=&#8221;-15px||||false|false&#8221; custom_padding=&#8221;0px||||false|false&#8221; animation_style=&#8221;slide&#8221; animation_direction=&#8221;top&#8221; animation_intensity_slide=&#8221;20%&#8221; locked=&#8221;off&#8221;][\/et_pb_divider][\/et_pb_column][\/et_pb_row][et_pb_row column_structure=&#8221;1_4,1_4,1_4,1_4&#8243; _builder_version=&#8221;4.9.7&#8243; _module_preset=&#8221;default&#8221;][et_pb_column type=&#8221;1_4&#8243; _builder_version=&#8221;4.9.7&#8243; _module_preset=&#8221;default&#8221;][\/et_pb_column][et_pb_column type=&#8221;1_4&#8243; _builder_version=&#8221;4.9.7&#8243; _module_preset=&#8221;default&#8221;][et_pb_number_counter title=&#8221;Beneficiarios directos&#8221; number=&#8221;9076&#8243; percent_sign=&#8221;off&#8221; _builder_version=&#8221;4.9.7&#8243; _module_preset=&#8221;default&#8221; number_text_color=&#8221;#E02B20&#8243;][\/et_pb_number_counter][\/et_pb_column][et_pb_column type=&#8221;1_4&#8243; _builder_version=&#8221;4.9.7&#8243; _module_preset=&#8221;default&#8221;][et_pb_number_counter title=&#8221;Beneficiarios indirectos&#8221; number=&#8221;11725&#8243; percent_sign=&#8221;off&#8221; _builder_version=&#8221;4.9.7&#8243; _module_preset=&#8221;default&#8221; number_text_color=&#8221;#0C71C3&#8243;][\/et_pb_number_counter][\/et_pb_column][et_pb_column type=&#8221;1_4&#8243; _builder_version=&#8221;4.9.7&#8243; _module_preset=&#8221;default&#8221;][\/et_pb_column][\/et_pb_row][et_pb_row column_structure=&#8221;1_5,1_5,1_5,1_5,1_5&#8243; use_custom_gutter=&#8221;on&#8221; gutter_width=&#8221;2&#8243; _builder_version=&#8221;3.29.3&#8243; max_width=&#8221;1600px&#8221;][et_pb_column type=&#8221;1_5&#8243; _builder_version=&#8221;3.29.3&#8243;][et_pb_code _builder_version=&#8221;4.3.4&#8243;]<script type=\"text\/javascript\"> <!-- [et_pb_line_break_holder] -->jQuery(document).ready(function() {<!-- [et_pb_line_break_holder] -->\/\/ ocultar el contenido<!-- [et_pb_line_break_holder] -->jQuery('#mostrar').hide();<!-- [et_pb_line_break_holder] -->jQuery('.botoncillo').click(function(e){<!-- [et_pb_line_break_holder] -->e.preventDefault();jQuery(\"#mostrar\").slideToggle();<!-- [et_pb_line_break_holder] -->jQuery('.botoncillo').toggleClass('opened closed');<!-- [et_pb_line_break_holder] -->});<!-- [et_pb_line_break_holder] -->});<!-- [et_pb_line_break_holder] --><\/script>[\/et_pb_code][et_pb_blurb title=&#8221; &#8221; module_class=&#8221;botoncillo&#8221; _builder_version=&#8221;4.9.7&#8243; header_text_align=&#8221;center&#8221; transform_styles__hover_enabled=&#8221;on|hover&#8221; transform_scale__hover_enabled=&#8221;on|hover&#8221; transform_translate__hover_enabled=&#8221;on|desktop&#8221; transform_rotate__hover_enabled=&#8221;on|desktop&#8221; transform_skew__hover_enabled=&#8221;on|desktop&#8221; transform_origin__hover_enabled=&#8221;on|desktop&#8221; transform_scale__hover=&#8221;120%|120%&#8221;]<\/p>\n<p style=\"text-align: center; color: #057427;\"><i class=\"fas fa-users fa-7x\"><\/i><\/p>\n<p>&nbsp;<\/p>\n<h4 style=\"text-align: center;\">Beneficiarios<\/h4>\n<p>[\/et_pb_blurb][\/et_pb_column][et_pb_column type=&#8221;1_5&#8243; _builder_version=&#8221;3.29.3&#8243;][et_pb_code _builder_version=&#8221;4.3.4&#8243;]<script type=\"text\/javascript\"> <!-- [et_pb_line_break_holder] -->jQuery(document).ready(function() {<!-- [et_pb_line_break_holder] -->\/\/ ocultar el contenido<!-- [et_pb_line_break_holder] -->jQuery('#mostrar1').hide();<!-- [et_pb_line_break_holder] -->jQuery('.botoncillo1').click(function(e){<!-- [et_pb_line_break_holder] -->e.preventDefault();jQuery(\"#mostrar1\").slideToggle();<!-- [et_pb_line_break_holder] -->jQuery('.botoncillo1').toggleClass('opened closed');<!-- [et_pb_line_break_holder] -->});<!-- [et_pb_line_break_holder] -->});<!-- [et_pb_line_break_holder] --><\/script>[\/et_pb_code][et_pb_blurb module_class=&#8221;botoncillo1&#8243; _builder_version=&#8221;4.9.7&#8243; header_text_align=&#8221;center&#8221; transform_styles__hover_enabled=&#8221;on|hover&#8221; transform_scale__hover_enabled=&#8221;on|hover&#8221; transform_translate__hover_enabled=&#8221;on|desktop&#8221; transform_rotate__hover_enabled=&#8221;on|desktop&#8221; transform_skew__hover_enabled=&#8221;on|desktop&#8221; transform_origin__hover_enabled=&#8221;on|desktop&#8221; transform_scale__hover=&#8221;120%|120%&#8221;]<\/p>\n<p style=\"text-align: center; color: #057427;\"><i class=\"fas fa-cogs fa-7x\"><\/i><\/p>\n<p>&nbsp;<\/p>\n<h4 style=\"text-align: center;\">Grupo Motor<\/h4>\n<p>[\/et_pb_blurb][\/et_pb_column][et_pb_column type=&#8221;1_5&#8243; _builder_version=&#8221;3.29.3&#8243;][et_pb_code _builder_version=&#8221;4.3.4&#8243;]<script type=\"text\/javascript\"> <!-- [et_pb_line_break_holder] -->jQuery(document).ready(function() {<!-- [et_pb_line_break_holder] -->\/\/ ocultar el contenido<!-- [et_pb_line_break_holder] -->jQuery('#mostrar2').hide();<!-- [et_pb_line_break_holder] -->jQuery('.botoncillo2').click(function(e){<!-- [et_pb_line_break_holder] -->e.preventDefault();jQuery(\"#mostrar2\").slideToggle();<!-- [et_pb_line_break_holder] -->jQuery('.botoncillo2').toggleClass('opened closed');<!-- [et_pb_line_break_holder] -->});<!-- [et_pb_line_break_holder] -->});<!-- [et_pb_line_break_holder] --><\/script>[\/et_pb_code][et_pb_blurb module_class=&#8221;botoncillo2&#8243; _builder_version=&#8221;4.9.7&#8243; header_text_align=&#8221;center&#8221; transform_styles__hover_enabled=&#8221;on|hover&#8221; transform_scale__hover_enabled=&#8221;on|hover&#8221; transform_translate__hover_enabled=&#8221;on|desktop&#8221; transform_rotate__hover_enabled=&#8221;on|desktop&#8221; transform_skew__hover_enabled=&#8221;on|desktop&#8221; transform_origin__hover_enabled=&#8221;on|desktop&#8221; transform_scale__hover=&#8221;120%|120%&#8221;]<\/p>\n<p style=\"text-align: center; color: #057427;\"><i class=\"far fa-file-pdf fa-7x\"><\/i><\/p>\n<p>&nbsp;<\/p>\n<h4 style=\"text-align: center;\">Memoria<\/h4>\n<p>[\/et_pb_blurb][\/et_pb_column][et_pb_column type=&#8221;1_5&#8243; _builder_version=&#8221;3.29.3&#8243;][et_pb_code _builder_version=&#8221;4.3.4&#8243;]<script type=\"text\/javascript\"> <!-- [et_pb_line_break_holder] -->jQuery(document).ready(function() {<!-- [et_pb_line_break_holder] -->\/\/ ocultar el contenido<!-- [et_pb_line_break_holder] -->jQuery('#mostrar3').hide();<!-- [et_pb_line_break_holder] -->jQuery('.botoncillo3').click(function(e){<!-- [et_pb_line_break_holder] -->e.preventDefault();jQuery(\"#mostrar3\").slideToggle();<!-- [et_pb_line_break_holder] -->jQuery('.botoncillo3').toggleClass('opened closed');<!-- [et_pb_line_break_holder] -->});<!-- [et_pb_line_break_holder] -->});<!-- [et_pb_line_break_holder] --><\/script>[\/et_pb_code][\/et_pb_column][et_pb_column type=&#8221;1_5&#8243; _builder_version=&#8221;3.29.3&#8243;][et_pb_code _builder_version=&#8221;4.3.4&#8243;]<script type=\"text\/javascript\"> <!-- [et_pb_line_break_holder] -->jQuery(document).ready(function() {<!-- [et_pb_line_break_holder] -->\/\/ ocultar el contenido<!-- [et_pb_line_break_holder] -->jQuery('#mostrar4').hide();<!-- [et_pb_line_break_holder] -->jQuery('.botoncillo4').click(function(e){<!-- [et_pb_line_break_holder] -->e.preventDefault();jQuery(\"#mostrar4\").slideToggle();<!-- [et_pb_line_break_holder] -->jQuery('.botoncillo4').toggleClass('opened closed');<!-- [et_pb_line_break_holder] -->});<!-- [et_pb_line_break_holder] -->});<!-- [et_pb_line_break_holder] --><\/script>[\/et_pb_code][\/et_pb_column][\/et_pb_row][et_pb_row module_id=&#8221;mostrar&#8221; _builder_version=&#8221;4.9.7&#8243; _module_preset=&#8221;default&#8221;][et_pb_column type=&#8221;4_4&#8243; _builder_version=&#8221;4.9.7&#8243; _module_preset=&#8221;default&#8221;][et_pb_text _builder_version=&#8221;4.9.7&#8243; _module_preset=&#8221;default&#8221;]<object data=\"https:\/\/factoriaconocimientoecuador.aupex.org\/web\/wp-content\/uploads\/2021\/08\/Certificado-beneficiarios20072021.pdf\" width=\"700px\" height=\"700px\"><embed src=\"https:\/\/factoriaconocimientoecuador.aupex.org\/web\/wp-content\/uploads\/2021\/08\/Certificado-beneficiarios20072021.pdf\"><\/embed><\/object>[\/et_pb_text][\/et_pb_column][\/et_pb_row][et_pb_row module_id=&#8221;mostrar1&#8243; _builder_version=&#8221;4.9.7&#8243; _module_preset=&#8221;default&#8221;][et_pb_column type=&#8221;4_4&#8243; _builder_version=&#8221;4.9.7&#8243; _module_preset=&#8221;default&#8221;][et_pb_text _builder_version=&#8221;4.9.7&#8243; _module_preset=&#8221;default&#8221;]<object data=\"https:\/\/factoriaconocimientoecuador.aupex.org\/web\/wp-content\/uploads\/2021\/08\/Certificado-grupo-motor20072021.pdf\" width=\"700px\" height=\"700px\"><embed src=\"https:\/\/factoriaconocimientoecuador.aupex.org\/web\/wp-content\/uploads\/2021\/08\/Certificado-grupo-motor20072021.pdf\" \/><\/object>[\/et_pb_text][\/et_pb_column][\/et_pb_row][et_pb_row module_id=&#8221;mostrar2&#8243; _builder_version=&#8221;4.9.7&#8243; _module_preset=&#8221;default&#8221;][et_pb_column type=&#8221;4_4&#8243; _builder_version=&#8221;4.9.7&#8243; _module_preset=&#8221;default&#8221;][et_pb_text _builder_version=&#8221;4.9.7&#8243; _module_preset=&#8221;default&#8221;]<object data=\"https:\/\/factoriaconocimientoecuador.aupex.org\/web\/wp-content\/uploads\/2021\/08\/MemoriaFactoriasdelConocimientoEcuador.pdf\" width=\"700px\" height=\"700px\"><embed src=\"https:\/\/factoriaconocimientoecuador.aupex.org\/web\/wp-content\/uploads\/2021\/08\/MemoriaFactoriasdelConocimientoEcuador.pdf\" \/><\/object>[\/et_pb_text][\/et_pb_column][\/et_pb_row][\/et_pb_section]<\/p>\n","protected":false},"excerpt":{"rendered":"<p>INFORME T\u00c9CNICOInforme T\u00e9cnico &nbsp; Beneficiarios &nbsp; Grupo Motor &nbsp; Memoria<\/p>\n","protected":false},"author":1,"featured_media":798,"parent":0,"menu_order":0,"comment_status":"closed","ping_status":"closed","template":"","meta":{"_et_pb_use_builder":"on","_et_pb_old_content":"","_et_gb_content_width":"","_joinchat":[],"footnotes":""},"class_list":["post-12","page","type-page","status-publish","has-post-thumbnail","hentry"],"yoast_head":"<!-- This site is optimized with the Yoast SEO plugin v27.5 - https:\/\/yoast.com\/product\/yoast-seo-wordpress\/ -->\n<title>Informe T\u00e9cnico - Factor\u00eda Conocimiento Ecuador<\/title>\n<meta name=\"robots\" content=\"index, follow, max-snippet:-1, max-image-preview:large, max-video-preview:-1\" \/>\n<link rel=\"canonical\" href=\"https:\/\/factoriaconocimientoecuador.aupex.org\/web\/informe-tecnico\/\" \/>\n<meta property=\"og:locale\" content=\"es_ES\" \/>\n<meta property=\"og:type\" content=\"article\" \/>\n<meta property=\"og:title\" content=\"Informe T\u00e9cnico - Factor\u00eda Conocimiento Ecuador\" \/>\n<meta property=\"og:description\" content=\"INFORME T\u00c9CNICOInforme T\u00e9cnico &nbsp; Beneficiarios &nbsp; Grupo Motor &nbsp; Memoria\" \/>\n<meta property=\"og:url\" content=\"https:\/\/factoriaconocimientoecuador.aupex.org\/web\/informe-tecnico\/\" \/>\n<meta property=\"og:site_name\" content=\"Factor\u00eda Conocimiento Ecuador\" \/>\n<meta property=\"article:modified_time\" content=\"2021-08-05T06:43:23+00:00\" \/>\n<meta property=\"og:image\" content=\"https:\/\/factoriaconocimientoecuador.aupex.org\/web\/wp-content\/uploads\/2020\/02\/logo-factorias-ecuador.jpg\" \/>\n\t<meta property=\"og:image:width\" content=\"800\" \/>\n\t<meta property=\"og:image:height\" content=\"327\" \/>\n\t<meta property=\"og:image:type\" content=\"image\/jpeg\" \/>\n<meta name=\"twitter:card\" content=\"summary_large_image\" \/>\n<meta name=\"twitter:label1\" content=\"Tiempo de lectura\" \/>\n\t<meta name=\"twitter:data1\" content=\"4 minutos\" \/>\n<script type=\"application\/ld+json\" class=\"yoast-schema-graph\">{\"@context\":\"https:\\\/\\\/schema.org\",\"@graph\":[{\"@type\":\"WebPage\",\"@id\":\"https:\\\/\\\/factoriaconocimientoecuador.aupex.org\\\/web\\\/informe-tecnico\\\/\",\"url\":\"https:\\\/\\\/factoriaconocimientoecuador.aupex.org\\\/web\\\/informe-tecnico\\\/\",\"name\":\"Informe T\u00e9cnico - Factor\u00eda Conocimiento Ecuador\",\"isPartOf\":{\"@id\":\"https:\\\/\\\/factoriaconocimientoecuador.aupex.org\\\/web\\\/#website\"},\"primaryImageOfPage\":{\"@id\":\"https:\\\/\\\/factoriaconocimientoecuador.aupex.org\\\/web\\\/informe-tecnico\\\/#primaryimage\"},\"image\":{\"@id\":\"https:\\\/\\\/factoriaconocimientoecuador.aupex.org\\\/web\\\/informe-tecnico\\\/#primaryimage\"},\"thumbnailUrl\":\"https:\\\/\\\/factoriaconocimientoecuador.aupex.org\\\/web\\\/wp-content\\\/uploads\\\/2020\\\/02\\\/logo-factorias-ecuador.jpg\",\"datePublished\":\"2020-02-07T11:08:19+00:00\",\"dateModified\":\"2021-08-05T06:43:23+00:00\",\"breadcrumb\":{\"@id\":\"https:\\\/\\\/factoriaconocimientoecuador.aupex.org\\\/web\\\/informe-tecnico\\\/#breadcrumb\"},\"inLanguage\":\"es\",\"potentialAction\":[{\"@type\":\"ReadAction\",\"target\":[\"https:\\\/\\\/factoriaconocimientoecuador.aupex.org\\\/web\\\/informe-tecnico\\\/\"]}]},{\"@type\":\"ImageObject\",\"inLanguage\":\"es\",\"@id\":\"https:\\\/\\\/factoriaconocimientoecuador.aupex.org\\\/web\\\/informe-tecnico\\\/#primaryimage\",\"url\":\"https:\\\/\\\/factoriaconocimientoecuador.aupex.org\\\/web\\\/wp-content\\\/uploads\\\/2020\\\/02\\\/logo-factorias-ecuador.jpg\",\"contentUrl\":\"https:\\\/\\\/factoriaconocimientoecuador.aupex.org\\\/web\\\/wp-content\\\/uploads\\\/2020\\\/02\\\/logo-factorias-ecuador.jpg\",\"width\":800,\"height\":327},{\"@type\":\"BreadcrumbList\",\"@id\":\"https:\\\/\\\/factoriaconocimientoecuador.aupex.org\\\/web\\\/informe-tecnico\\\/#breadcrumb\",\"itemListElement\":[{\"@type\":\"ListItem\",\"position\":1,\"name\":\"Portada\",\"item\":\"https:\\\/\\\/factoriaconocimientoecuador.aupex.org\\\/web\\\/\"},{\"@type\":\"ListItem\",\"position\":2,\"name\":\"Informe T\u00e9cnico\"}]},{\"@type\":\"WebSite\",\"@id\":\"https:\\\/\\\/factoriaconocimientoecuador.aupex.org\\\/web\\\/#website\",\"url\":\"https:\\\/\\\/factoriaconocimientoecuador.aupex.org\\\/web\\\/\",\"name\":\"Factor\u00eda Conocimiento Ecuador\",\"description\":\"Web del Proyecto &quot;Factor\u00edas del Conocimiento para Desarrollo Sostenible&quot; en la Mancomunidad del Choc\u00f3 Andino, Ecuador.\",\"publisher\":{\"@id\":\"https:\\\/\\\/factoriaconocimientoecuador.aupex.org\\\/web\\\/#organization\"},\"potentialAction\":[{\"@type\":\"SearchAction\",\"target\":{\"@type\":\"EntryPoint\",\"urlTemplate\":\"https:\\\/\\\/factoriaconocimientoecuador.aupex.org\\\/web\\\/?s={search_term_string}\"},\"query-input\":{\"@type\":\"PropertyValueSpecification\",\"valueRequired\":true,\"valueName\":\"search_term_string\"}}],\"inLanguage\":\"es\"},{\"@type\":\"Organization\",\"@id\":\"https:\\\/\\\/factoriaconocimientoecuador.aupex.org\\\/web\\\/#organization\",\"name\":\"AUPEX\",\"url\":\"https:\\\/\\\/factoriaconocimientoecuador.aupex.org\\\/web\\\/\",\"logo\":{\"@type\":\"ImageObject\",\"inLanguage\":\"es\",\"@id\":\"https:\\\/\\\/factoriaconocimientoecuador.aupex.org\\\/web\\\/#\\\/schema\\\/logo\\\/image\\\/\",\"url\":\"https:\\\/\\\/factoriaconocimientoecuador.aupex.org\\\/web\\\/wp-content\\\/uploads\\\/2020\\\/02\\\/logo-aupex.jpg\",\"contentUrl\":\"https:\\\/\\\/factoriaconocimientoecuador.aupex.org\\\/web\\\/wp-content\\\/uploads\\\/2020\\\/02\\\/logo-aupex.jpg\",\"width\":638,\"height\":200,\"caption\":\"AUPEX\"},\"image\":{\"@id\":\"https:\\\/\\\/factoriaconocimientoecuador.aupex.org\\\/web\\\/#\\\/schema\\\/logo\\\/image\\\/\"}}]}<\/script>\n<!-- \/ Yoast SEO plugin. -->","yoast_head_json":{"title":"Informe T\u00e9cnico - Factor\u00eda Conocimiento Ecuador","robots":{"index":"index","follow":"follow","max-snippet":"max-snippet:-1","max-image-preview":"max-image-preview:large","max-video-preview":"max-video-preview:-1"},"canonical":"https:\/\/factoriaconocimientoecuador.aupex.org\/web\/informe-tecnico\/","og_locale":"es_ES","og_type":"article","og_title":"Informe T\u00e9cnico - Factor\u00eda Conocimiento Ecuador","og_description":"INFORME T\u00c9CNICOInforme T\u00e9cnico &nbsp; Beneficiarios &nbsp; Grupo Motor &nbsp; Memoria","og_url":"https:\/\/factoriaconocimientoecuador.aupex.org\/web\/informe-tecnico\/","og_site_name":"Factor\u00eda Conocimiento Ecuador","article_modified_time":"2021-08-05T06:43:23+00:00","og_image":[{"width":800,"height":327,"url":"https:\/\/factoriaconocimientoecuador.aupex.org\/web\/wp-content\/uploads\/2020\/02\/logo-factorias-ecuador.jpg","type":"image\/jpeg"}],"twitter_card":"summary_large_image","twitter_misc":{"Tiempo de lectura":"4 minutos"},"schema":{"@context":"https:\/\/schema.org","@graph":[{"@type":"WebPage","@id":"https:\/\/factoriaconocimientoecuador.aupex.org\/web\/informe-tecnico\/","url":"https:\/\/factoriaconocimientoecuador.aupex.org\/web\/informe-tecnico\/","name":"Informe T\u00e9cnico - Factor\u00eda Conocimiento Ecuador","isPartOf":{"@id":"https:\/\/factoriaconocimientoecuador.aupex.org\/web\/#website"},"primaryImageOfPage":{"@id":"https:\/\/factoriaconocimientoecuador.aupex.org\/web\/informe-tecnico\/#primaryimage"},"image":{"@id":"https:\/\/factoriaconocimientoecuador.aupex.org\/web\/informe-tecnico\/#primaryimage"},"thumbnailUrl":"https:\/\/factoriaconocimientoecuador.aupex.org\/web\/wp-content\/uploads\/2020\/02\/logo-factorias-ecuador.jpg","datePublished":"2020-02-07T11:08:19+00:00","dateModified":"2021-08-05T06:43:23+00:00","breadcrumb":{"@id":"https:\/\/factoriaconocimientoecuador.aupex.org\/web\/informe-tecnico\/#breadcrumb"},"inLanguage":"es","potentialAction":[{"@type":"ReadAction","target":["https:\/\/factoriaconocimientoecuador.aupex.org\/web\/informe-tecnico\/"]}]},{"@type":"ImageObject","inLanguage":"es","@id":"https:\/\/factoriaconocimientoecuador.aupex.org\/web\/informe-tecnico\/#primaryimage","url":"https:\/\/factoriaconocimientoecuador.aupex.org\/web\/wp-content\/uploads\/2020\/02\/logo-factorias-ecuador.jpg","contentUrl":"https:\/\/factoriaconocimientoecuador.aupex.org\/web\/wp-content\/uploads\/2020\/02\/logo-factorias-ecuador.jpg","width":800,"height":327},{"@type":"BreadcrumbList","@id":"https:\/\/factoriaconocimientoecuador.aupex.org\/web\/informe-tecnico\/#breadcrumb","itemListElement":[{"@type":"ListItem","position":1,"name":"Portada","item":"https:\/\/factoriaconocimientoecuador.aupex.org\/web\/"},{"@type":"ListItem","position":2,"name":"Informe T\u00e9cnico"}]},{"@type":"WebSite","@id":"https:\/\/factoriaconocimientoecuador.aupex.org\/web\/#website","url":"https:\/\/factoriaconocimientoecuador.aupex.org\/web\/","name":"Factor\u00eda Conocimiento Ecuador","description":"Web del Proyecto &quot;Factor\u00edas del Conocimiento para Desarrollo Sostenible&quot; en la Mancomunidad del Choc\u00f3 Andino, Ecuador.","publisher":{"@id":"https:\/\/factoriaconocimientoecuador.aupex.org\/web\/#organization"},"potentialAction":[{"@type":"SearchAction","target":{"@type":"EntryPoint","urlTemplate":"https:\/\/factoriaconocimientoecuador.aupex.org\/web\/?s={search_term_string}"},"query-input":{"@type":"PropertyValueSpecification","valueRequired":true,"valueName":"search_term_string"}}],"inLanguage":"es"},{"@type":"Organization","@id":"https:\/\/factoriaconocimientoecuador.aupex.org\/web\/#organization","name":"AUPEX","url":"https:\/\/factoriaconocimientoecuador.aupex.org\/web\/","logo":{"@type":"ImageObject","inLanguage":"es","@id":"https:\/\/factoriaconocimientoecuador.aupex.org\/web\/#\/schema\/logo\/image\/","url":"https:\/\/factoriaconocimientoecuador.aupex.org\/web\/wp-content\/uploads\/2020\/02\/logo-aupex.jpg","contentUrl":"https:\/\/factoriaconocimientoecuador.aupex.org\/web\/wp-content\/uploads\/2020\/02\/logo-aupex.jpg","width":638,"height":200,"caption":"AUPEX"},"image":{"@id":"https:\/\/factoriaconocimientoecuador.aupex.org\/web\/#\/schema\/logo\/image\/"}}]}},"post_mailing_queue_ids":[],"_links":{"self":[{"href":"https:\/\/factoriaconocimientoecuador.aupex.org\/web\/wp-json\/wp\/v2\/pages\/12","targetHints":{"allow":["GET"]}}],"collection":[{"href":"https:\/\/factoriaconocimientoecuador.aupex.org\/web\/wp-json\/wp\/v2\/pages"}],"about":[{"href":"https:\/\/factoriaconocimientoecuador.aupex.org\/web\/wp-json\/wp\/v2\/types\/page"}],"author":[{"embeddable":true,"href":"https:\/\/factoriaconocimientoecuador.aupex.org\/web\/wp-json\/wp\/v2\/users\/1"}],"replies":[{"embeddable":true,"href":"https:\/\/factoriaconocimientoecuador.aupex.org\/web\/wp-json\/wp\/v2\/comments?post=12"}],"version-history":[{"count":8,"href":"https:\/\/factoriaconocimientoecuador.aupex.org\/web\/wp-json\/wp\/v2\/pages\/12\/revisions"}],"predecessor-version":[{"id":2588,"href":"https:\/\/factoriaconocimientoecuador.aupex.org\/web\/wp-json\/wp\/v2\/pages\/12\/revisions\/2588"}],"wp:featuredmedia":[{"embeddable":true,"href":"https:\/\/factoriaconocimientoecuador.aupex.org\/web\/wp-json\/wp\/v2\/media\/798"}],"wp:attachment":[{"href":"https:\/\/factoriaconocimientoecuador.aupex.org\/web\/wp-json\/wp\/v2\/media?parent=12"}],"curies":[{"name":"wp","href":"https:\/\/api.w.org\/{rel}","templated":true}]}}